{"id":70221,"date":"2024-02-12T12:05:12","date_gmt":"2024-02-12T12:05:12","guid":{"rendered":"https:\/\/rimsa.com\/?page_id=70221"},"modified":"2024-10-12T07:59:53","modified_gmt":"2024-10-12T07:59:53","slug":"aviso-legal","status":"publish","type":"page","link":"https:\/\/rimsa.com\/es\/aviso-legal","title":{"rendered":"Aviso Legal"},"content":{"rendered":"\t\t<div data-elementor-type=\"wp-page\" data-elementor-id=\"70221\" class=\"elementor elementor-70221\" data-elementor-settings=\"{&quot;ha_cmc_init_switcher&quot;:&quot;no&quot;}\" data-elementor-post-type=\"page\">\n\t\t\t\t<div class=\"elementor-element elementor-element-0bdc126 e-flex e-con-boxed e-con e-parent\" data-id=\"0bdc126\" data-element_type=\"container\" data-e-type=\"container\" data-settings=\"{&quot;_ha_eqh_enable&quot;:false,&quot;jet_parallax_layout_list&quot;:[]}\">\n\t\t\t\t\t<div class=\"e-con-inner\">\n\t\t<div class=\"elementor-element elementor-element-33f3b9d e-flex e-con-boxed e-con e-child\" data-id=\"33f3b9d\" data-element_type=\"container\" data-e-type=\"container\" data-settings=\"{&quot;background_background&quot;:&quot;classic&quot;,&quot;_ha_eqh_enable&quot;:false,&quot;jet_parallax_layout_list&quot;:[]}\">\n\t\t\t\t\t<div class=\"e-con-inner\">\n\t\t<div class=\"elementor-element elementor-element-0f7a586 e-con-full e-flex e-con e-child\" data-id=\"0f7a586\" data-element_type=\"container\" data-e-type=\"container\" data-settings=\"{&quot;_ha_eqh_enable&quot;:false,&quot;jet_parallax_layout_list&quot;:[]}\">\n\t\t\t\t<div class=\"elementor-element elementor-element-e0ae0fb elementor-widget elementor-widget-heading\" data-id=\"e0ae0fb\" data-element_type=\"widget\" data-e-type=\"widget\" data-widget_type=\"heading.default\">\n\t\t\t\t<div class=\"elementor-widget-container\">\n\t\t\t\t\t<h1 class=\"elementor-heading-title elementor-size-default\">Aviso Legal<\/h1>\t\t\t\t<\/div>\n\t\t\t\t<\/div>\n\t\t\t\t<\/div>\n\t\t\t\t\t<\/div>\n\t\t\t\t<\/div>\n\t\t\t\t\t<\/div>\n\t\t\t\t<\/div>\n\t\t<div class=\"elementor-element elementor-element-f24dacb e-flex e-con-boxed e-con e-parent\" data-id=\"f24dacb\" data-element_type=\"container\" data-e-type=\"container\" data-settings=\"{&quot;_ha_eqh_enable&quot;:false,&quot;jet_parallax_layout_list&quot;:[]}\">\n\t\t\t\t\t<div class=\"e-con-inner\">\n\t\t\t\t<div class=\"elementor-element elementor-element-b061f01 elementor-widget elementor-widget-text-editor\" data-id=\"b061f01\" data-element_type=\"widget\" data-e-type=\"widget\" data-widget_type=\"text-editor.default\">\n\t\t\t\t<div class=\"elementor-widget-container\">\n\t\t\t\t\t\t\t\t\t<h3><strong>1.Informaci\u00f3n general<\/strong><\/h3>\n<p>Prestador del servicio: RIMSA METAL TECHNOLOGY, S.L. Domicilio Social: C\/ Armenteres s\/n Pol. Ind. Matacas, Nave,21, 08980 Sant Feliu de Llobregat (Barcelona) NIF: B-58028291 Tel\u00e9fono: 936664611 Mail: hello@rimsa.com Inscripci\u00f3n: Inscrita en el Registro Mercantil de Barcelona, Tomo 24.527, Folio 41, Secci\u00f3n 8 y hoja B-75064. Nombre de dominio: www.rimsa.com<\/p>\n<p><strong>2.Objeto y definiciones&nbsp;<\/strong><\/p>\n<p>RIMSA METAL TECHNOLOGY, S.L. (en adelante el prestador), titular del dominio www.rimsa.com&nbsp; (en adelante el sitio web) pone a disposici\u00f3n de los usuarios el presente documento con el que pretende dar cumplimiento a las obligaciones dispuestas en la Ley 34\/2002, de Servicios de la Sociedad de la Informaci\u00f3n y del Comercio Electr\u00f3nico (en adelante LSSI-CE) entre otra normativa vigente, as\u00ed como informar a todos los usuarios de las condiciones de uso del sitio web y pol\u00edtica de privacidad.<\/p>\n<p>Toda persona que acceda a este sitio web asume el papel de usuario, comprometi\u00e9ndose a la observancia y cumplimiento riguroso de las disposiciones aqu\u00ed dispuestas, as\u00ed como a cualesquiera otra disposici\u00f3n legal que fuera de aplicaci\u00f3n.<\/p>\n<p>El prestador se reserva el derecho a modificar cualquier tipo de informaci\u00f3n que pudiera aparecer en el sitio web, sin que exista obligaci\u00f3n de preavisar o poner en conocimiento de los usuarios, entendi\u00e9ndose como suficiente con la publicaci\u00f3n en el sitio web del prestador.<\/p>\n<h3><strong>3. Responsabilidad&nbsp;<\/strong><\/h3>\n<p>En ning\u00fan caso RIMSA METAL TECHNOLOGY, S.L., sus suministradores o los dem\u00e1s terceros mencionados en este sitio web ser\u00e1n responsables por da\u00f1os de cualquier tipo (incluyendo, entre otros, los da\u00f1os resultantes de p\u00e9rdidas de beneficios, p\u00e9rdida de datos o interrupci\u00f3n de negocio) que resulten del uso, imposibilidad de uso o de los resultados del uso de este sitio web, cualquier sitio web conectado a \u00e9ste o de los contenidos o informaci\u00f3n contenida en cualesquiera de dichos sitios web, ya se base dicha responsabilidad en garant\u00eda, contrato, culpa o negligencia, o cualquier otra teor\u00eda legal, y con independencia de que se haya avisado o no sobre la posibilidad de tales da\u00f1os.<\/p>\n<p>La informaci\u00f3n publicada en este sitio web puede no ser exhaustiva y puede estar sujeta a modificaciones. El prestador no asume la obligaci\u00f3n de actualizar la informaci\u00f3n contenida en este sitio web. El prestador se exime de cualquier tipo de responsabilidad derivada de la informaci\u00f3n publicada en su sitio web, siempre que esta informaci\u00f3n haya sido manipulada o introducida por un tercero ajeno al mismo. Desde el sitio web del prestador es posible que se redirija a contenidos de terceros sitios web y dado que el prestador no puede controlar siempre los contenidos introducidos por los terceros en sus sitios web, \u00e9ste no asume ning\u00fan tipo de responsabilidad respecto a dichos contenidos.<\/p>\n<p>No obstante, en cumplimiento de lo dispuesto en el art. 11 y 16 de la LSSI-CE, el prestador se pone a disposici\u00f3n de todos los usuarios, autoridades y fuerzas de seguridad, y colaborando de forma activa en la retirada o en su caso bloqueo de todos aquellos contenidos que pudieran afectar o contravenir la legislaci\u00f3n nacional, o internacional, derechos de terceros o la moral y el orden p\u00fablico. En caso de que el usuario considere que existe en el sitio web alg\u00fan contenido que pudiera ser susceptible de esta clasificaci\u00f3n, se ruega lo notifique de forma inmediata al prestador a trav\u00e9s de los datos de contacto facilitados en el encabezado de este documento.<\/p>\n<h3><strong>4. Propiedad intelectual e industrial&nbsp;<\/strong><\/h3>\n<p>El sitio web, incluyendo a t\u00edtulo enunciativo pero no limitativo; su programaci\u00f3n, edici\u00f3n, compilaci\u00f3n y dem\u00e1s elementos necesarios para su funcionamiento, los dise\u00f1os, logotipos, texto y\/o gr\u00e1ficos son propiedad del prestador o en su caso dispone de licencia o autorizaci\u00f3n expresa por parte de los autores. Todos los contenidos del sitio web se encuentran debidamente protegidos por la normativa de propiedad intelectual e industrial, as\u00ed como inscritos en los registros p\u00fablicos correspondientes.<\/p>\n<p>La reproducci\u00f3n total o parcial, uso, explotaci\u00f3n, distribuci\u00f3n y comercializaci\u00f3n, requiere en todo caso de la autorizaci\u00f3n escrita previa por parte del prestador. Cualquier uso no autorizado previamente por parte del prestador ser\u00e1 considerado un incumplimiento grave de los derechos de propiedad intelectual o industrial del autor.<\/p>\n<p>Los dise\u00f1os, logotipos, texto y\/o gr\u00e1ficos ajenos al prestador y que pudieran aparecer en el sitio web, pertenecen a sus respectivos propietarios, siendo ellos mismos responsables de cualquier posible controversia que pudiera suscitarse respecto a los mismos. En todo caso, el prestador cuenta con la autorizaci\u00f3n expresa y previa por parte de los mismos.<\/p>\n<p>El prestador reconoce a favor de sus titulares los correspondientes derechos de propiedad industrial e intelectual, no implicando su sola menci\u00f3n o aparici\u00f3n en el sitio web la existencia de derechos o responsabilidad alguna del prestador sobre los mismos, como tampoco respaldo, patrocinio o recomendaci\u00f3n por parte del mismo.<\/p>\n<p>Para realizar cualquier tipo de observaci\u00f3n respecto a posibles incumplimientos de los derechos de propiedad intelectual o industrial, as\u00ed como sobre cualquiera de los contenidos del sitio web, puede hacerlo a trav\u00e9s del contacto que se facilita en el encabezado de este documento.<\/p>\n<h3><strong>5. Funcionalidad del sitio web<\/strong><\/h3>\n<p>El sitio web del prestador puede utilizar cookies (peque\u00f1os archivos de informaci\u00f3n que el servidor env\u00eda al ordenador de quien accede a la p\u00e1gina) para llevar a cabo determinadas funciones que son consideradas imprescindibles para el correcto funcionamiento y visualizaci\u00f3n del sitio. El usuario acepta el uso de cookies y seguimientos de IPs. Nuestro analizador de tr\u00e1fico del site utiliza cookies y seguimientos de IPs que nos permiten recoger datos a efectos estad\u00edsticos como: fecha de la primera visita, n\u00famero de veces que se ha visitado, fecha de la \u00faltima visita, URL y dominio de la que proviene, explorador utilizado y resoluci\u00f3n de la pantalla. No obstante, el usuario si lo desea puede desactivar y\/o eliminar estas cookies siguiendo las instrucciones de su navegador de Internet.<\/p>\n<p>Este sitio web ha sido revisado y probado para que funcione correctamente. En principio, puede garantizarse el correcto funcionamiento los 365 d\u00edas del a\u00f1o, 24 horas al d\u00eda. No obstante, el prestador no descarta la posibilidad de que existan ciertos errores de programaci\u00f3n, o que acontezcan causas de fuerza mayor, cat\u00e1strofes naturales, huelgas, o circunstancias semejantes que hagan imposible el acceso a la p\u00e1gina web.<\/p>\n<p>El usuario garantiza que no realizar\u00e1 accesos o interferencias a este sitio web mediante software robots, ara\u00f1a, rutina o cualquier sistema autom\u00e1tico o semiautom\u00e1tico para monitorizar, copiar o descargar su contenido para otro prop\u00f3sito no autorizado<\/p>\n<p>El prestador no utiliza t\u00e9cnicas de \u201cspamming\u201d y \u00fanicamente tratar\u00e1 los datos que el usuario transmita mediante el formulario electr\u00f3nico habilitado en este sitio web o mensajes de correo electr\u00f3nico.<\/p>\n<h3><strong>6. Pol\u00edtica de privacidad&nbsp;&nbsp;<\/strong><\/h3>\n<p>En cumplimiento al Reglamento (UE) 679\/2016 Reglamento General de Protecci\u00f3n de Datos y la Ley Org\u00e1nica 3\/2018 de Protecci\u00f3n de Datos Personales y garant\u00eda de los derechos digitales , le informamos que de RIMSA METAL TECHNOLOGY, S.L. que ha adoptado todas las medidas t\u00e9cnicas y organizativas con el objetivo de proteger los datos personales.<\/p>\n<p>Los usuarios podr\u00e1n ejercitar los derechos de acceso, rectificaci\u00f3n, supresi\u00f3n, limitaci\u00f3n, portabilidad y\/o oposici\u00f3n mediante correo postal a la direcci\u00f3n de la empresa en Pol. Ind. Matac\u00e1s, Nave 21 08980 Sant Feliu de Llobregat (Barcelona) o a trav\u00e9s de la direcci\u00f3n electr\u00f3nica <a href=\"mailto:hello@rimsa.com\">hello@rimsa.com<\/a>.<\/p>\n<p>Para m\u00e1s informaci\u00f3n en relaci\u00f3n a la protecci\u00f3n de datos RIMSA METAL TECHNOLOGY, S.L. dispone de una pol\u00edtica de privacidad que se encuentra en <b>https:\/\/rimsa.com\/es\/politica-privacidad<\/b>.&nbsp;<\/p>\n<h3><strong>7. Ley aplicable y jurisdicci\u00f3n&nbsp;<\/strong><\/h3>\n<p>Estas condiciones se regir\u00e1n e interpretar\u00e1n conforme a la legislaci\u00f3n espa\u00f1ola. Para la resoluci\u00f3n de todas las controversias o cuestiones relacionadas con el presente sitio web o de las actividades en \u00e9l desarrolladas, ser\u00e1 de aplicaci\u00f3n la legislaci\u00f3n espa\u00f1ola, a la que se someten expresamente las partes, siendo competentes para la resoluci\u00f3n de todos los conflictos derivados o relacionados con su uso los Juzgados y Tribunales de Barcelona. No obstante, ser\u00e1 obligatorio que en caso de conflicto las partes intenten previamente resolver la cuesti\u00f3n de mutuo acuerdo.<\/p>\t\t\t\t\t\t\t\t<\/div>\n\t\t\t\t<\/div>\n\t\t\t\t\t<\/div>\n\t\t\t\t<\/div>\n\t\t\t\t<\/div>\n\t\t","protected":false},"excerpt":{"rendered":"<p>1.Informaci\u00f3n general Prestador del servicio: RIMSA METAL TECHNOLOGY, S.L. Domicilio Social: C\/ Armenteres s\/n Pol. Ind. Matacas, Nave,21, 08980 Sant Feliu de Llobregat (Barcelona) NIF: B-58028291 Tel\u00e9fono: 936664611 Mail: hello@rimsa.com Inscripci\u00f3n: Inscrita en el Registro Mercantil de Barcelona, Tomo 24.527, Folio 41, Secci\u00f3n 8 y hoja B-75064. Nombre de dominio: www.rimsa.com 2.Objeto y definiciones&nbsp; RIMSA [&hellip;]<\/p>\n","protected":false},"author":1,"featured_media":0,"parent":0,"menu_order":0,"comment_status":"closed","ping_status":"closed","template":"","meta":{"footnotes":""},"class_list":["post-70221","page","type-page","status-publish","hentry"],"yoast_head":"<!-- This site is optimized with the Yoast SEO plugin v26.6 - https:\/\/yoast.com\/wordpress\/plugins\/seo\/ -->\n<title>Aviso Legal - Rimsa<\/title>\n<meta name=\"robots\" content=\"index, follow, max-snippet:-1, max-image-preview:large, max-video-preview:-1\" \/>\n<link rel=\"canonical\" href=\"https:\/\/rimsa.com\/es\/aviso-legal\" \/>\n<meta property=\"og:locale\" content=\"es_ES\" \/>\n<meta property=\"og:type\" content=\"article\" \/>\n<meta property=\"og:title\" content=\"Aviso Legal - Rimsa\" \/>\n<meta property=\"og:description\" content=\"1.Informaci\u00f3n general Prestador del servicio: RIMSA METAL TECHNOLOGY, S.L. Domicilio Social: C\/ Armenteres s\/n Pol. Ind. Matacas, Nave,21, 08980 Sant Feliu de Llobregat (Barcelona) NIF: B-58028291 Tel\u00e9fono: 936664611 Mail: hello@rimsa.com Inscripci\u00f3n: Inscrita en el Registro Mercantil de Barcelona, Tomo 24.527, Folio 41, Secci\u00f3n 8 y hoja B-75064. Nombre de dominio: www.rimsa.com 2.Objeto y definiciones&nbsp; RIMSA [&hellip;]\" \/>\n<meta property=\"og:url\" content=\"https:\/\/rimsa.com\/es\/aviso-legal\" \/>\n<meta property=\"og:site_name\" content=\"Rimsa\" \/>\n<meta property=\"article:modified_time\" content=\"2024-10-12T07:59:53+00:00\" \/>\n<meta name=\"twitter:card\" content=\"summary_large_image\" \/>\n<meta name=\"twitter:label1\" content=\"Tiempo de lectura\" \/>\n\t<meta name=\"twitter:data1\" content=\"6 minutos\" \/>\n<script type=\"application\/ld+json\" class=\"yoast-schema-graph\">{\"@context\":\"https:\/\/schema.org\",\"@graph\":[{\"@type\":\"WebPage\",\"@id\":\"https:\/\/rimsa.com\/es\/aviso-legal\",\"url\":\"https:\/\/rimsa.com\/es\/aviso-legal\",\"name\":\"Aviso Legal - Rimsa\",\"isPartOf\":{\"@id\":\"https:\/\/rimsa.com\/#website\"},\"datePublished\":\"2024-02-12T12:05:12+00:00\",\"dateModified\":\"2024-10-12T07:59:53+00:00\",\"breadcrumb\":{\"@id\":\"https:\/\/rimsa.com\/es\/aviso-legal#breadcrumb\"},\"inLanguage\":\"es\",\"potentialAction\":[{\"@type\":\"ReadAction\",\"target\":[\"https:\/\/rimsa.com\/es\/aviso-legal\"]}]},{\"@type\":\"BreadcrumbList\",\"@id\":\"https:\/\/rimsa.com\/es\/aviso-legal#breadcrumb\",\"itemListElement\":[{\"@type\":\"ListItem\",\"position\":1,\"name\":\"Home\",\"item\":\"https:\/\/rimsa.com\/\"},{\"@type\":\"ListItem\",\"position\":2,\"name\":\"Aviso Legal\"}]},{\"@type\":\"WebSite\",\"@id\":\"https:\/\/rimsa.com\/#website\",\"url\":\"https:\/\/rimsa.com\/\",\"name\":\"Rimsa\",\"description\":\"\",\"publisher\":{\"@id\":\"https:\/\/rimsa.com\/#organization\"},\"potentialAction\":[{\"@type\":\"SearchAction\",\"target\":{\"@type\":\"EntryPoint\",\"urlTemplate\":\"https:\/\/rimsa.com\/?s={search_term_string}\"},\"query-input\":{\"@type\":\"PropertyValueSpecification\",\"valueRequired\":true,\"valueName\":\"search_term_string\"}}],\"inLanguage\":\"es\"},{\"@type\":\"Organization\",\"@id\":\"https:\/\/rimsa.com\/#organization\",\"name\":\"Rimsa\",\"url\":\"https:\/\/rimsa.com\/\",\"logo\":{\"@type\":\"ImageObject\",\"inLanguage\":\"es\",\"@id\":\"https:\/\/rimsa.com\/#\/schema\/logo\/image\/\",\"url\":\"https:\/\/rimsa.com\/wp-content\/uploads\/2023\/11\/logo.svg\",\"contentUrl\":\"https:\/\/rimsa.com\/wp-content\/uploads\/2023\/11\/logo.svg\",\"width\":161,\"height\":65,\"caption\":\"Rimsa\"},\"image\":{\"@id\":\"https:\/\/rimsa.com\/#\/schema\/logo\/image\/\"}}]}<\/script>\n<!-- \/ Yoast SEO plugin. -->","yoast_head_json":{"title":"Aviso Legal - Rimsa","robots":{"index":"index","follow":"follow","max-snippet":"max-snippet:-1","max-image-preview":"max-image-preview:large","max-video-preview":"max-video-preview:-1"},"canonical":"https:\/\/rimsa.com\/es\/aviso-legal","og_locale":"es_ES","og_type":"article","og_title":"Aviso Legal - Rimsa","og_description":"1.Informaci\u00f3n general Prestador del servicio: RIMSA METAL TECHNOLOGY, S.L. Domicilio Social: C\/ Armenteres s\/n Pol. Ind. Matacas, Nave,21, 08980 Sant Feliu de Llobregat (Barcelona) NIF: B-58028291 Tel\u00e9fono: 936664611 Mail: hello@rimsa.com Inscripci\u00f3n: Inscrita en el Registro Mercantil de Barcelona, Tomo 24.527, Folio 41, Secci\u00f3n 8 y hoja B-75064. Nombre de dominio: www.rimsa.com 2.Objeto y definiciones&nbsp; RIMSA [&hellip;]","og_url":"https:\/\/rimsa.com\/es\/aviso-legal","og_site_name":"Rimsa","article_modified_time":"2024-10-12T07:59:53+00:00","twitter_card":"summary_large_image","twitter_misc":{"Tiempo de lectura":"6 minutos"},"schema":{"@context":"https:\/\/schema.org","@graph":[{"@type":"WebPage","@id":"https:\/\/rimsa.com\/es\/aviso-legal","url":"https:\/\/rimsa.com\/es\/aviso-legal","name":"Aviso Legal - Rimsa","isPartOf":{"@id":"https:\/\/rimsa.com\/#website"},"datePublished":"2024-02-12T12:05:12+00:00","dateModified":"2024-10-12T07:59:53+00:00","breadcrumb":{"@id":"https:\/\/rimsa.com\/es\/aviso-legal#breadcrumb"},"inLanguage":"es","potentialAction":[{"@type":"ReadAction","target":["https:\/\/rimsa.com\/es\/aviso-legal"]}]},{"@type":"BreadcrumbList","@id":"https:\/\/rimsa.com\/es\/aviso-legal#breadcrumb","itemListElement":[{"@type":"ListItem","position":1,"name":"Home","item":"https:\/\/rimsa.com\/"},{"@type":"ListItem","position":2,"name":"Aviso Legal"}]},{"@type":"WebSite","@id":"https:\/\/rimsa.com\/#website","url":"https:\/\/rimsa.com\/","name":"Rimsa","description":"","publisher":{"@id":"https:\/\/rimsa.com\/#organization"},"potentialAction":[{"@type":"SearchAction","target":{"@type":"EntryPoint","urlTemplate":"https:\/\/rimsa.com\/?s={search_term_string}"},"query-input":{"@type":"PropertyValueSpecification","valueRequired":true,"valueName":"search_term_string"}}],"inLanguage":"es"},{"@type":"Organization","@id":"https:\/\/rimsa.com\/#organization","name":"Rimsa","url":"https:\/\/rimsa.com\/","logo":{"@type":"ImageObject","inLanguage":"es","@id":"https:\/\/rimsa.com\/#\/schema\/logo\/image\/","url":"https:\/\/rimsa.com\/wp-content\/uploads\/2023\/11\/logo.svg","contentUrl":"https:\/\/rimsa.com\/wp-content\/uploads\/2023\/11\/logo.svg","width":161,"height":65,"caption":"Rimsa"},"image":{"@id":"https:\/\/rimsa.com\/#\/schema\/logo\/image\/"}}]}},"_links":{"self":[{"href":"https:\/\/rimsa.com\/es\/wp-json\/wp\/v2\/pages\/70221","targetHints":{"allow":["GET"]}}],"collection":[{"href":"https:\/\/rimsa.com\/es\/wp-json\/wp\/v2\/pages"}],"about":[{"href":"https:\/\/rimsa.com\/es\/wp-json\/wp\/v2\/types\/page"}],"author":[{"embeddable":true,"href":"https:\/\/rimsa.com\/es\/wp-json\/wp\/v2\/users\/1"}],"replies":[{"embeddable":true,"href":"https:\/\/rimsa.com\/es\/wp-json\/wp\/v2\/comments?post=70221"}],"version-history":[{"count":4,"href":"https:\/\/rimsa.com\/es\/wp-json\/wp\/v2\/pages\/70221\/revisions"}],"predecessor-version":[{"id":75995,"href":"https:\/\/rimsa.com\/es\/wp-json\/wp\/v2\/pages\/70221\/revisions\/75995"}],"wp:attachment":[{"href":"https:\/\/rimsa.com\/es\/wp-json\/wp\/v2\/media?parent=70221"}],"curies":[{"name":"wp","href":"https:\/\/api.w.org\/{rel}","templated":true}]}}