{"id":69670,"date":"2023-12-14T10:57:29","date_gmt":"2023-12-14T10:57:29","guid":{"rendered":"https:\/\/rimsa.com\/contact"},"modified":"2024-06-14T17:50:28","modified_gmt":"2024-06-14T17:50:28","slug":"contact","status":"publish","type":"page","link":"https:\/\/rimsa.com\/fr\/contact","title":{"rendered":"Contact"},"content":{"rendered":"\t\t<div data-elementor-type=\"wp-page\" data-elementor-id=\"69670\" class=\"elementor elementor-69670 elementor-713\" data-elementor-settings=\"{&quot;ha_cmc_init_switcher&quot;:&quot;no&quot;}\" data-elementor-post-type=\"page\">\n\t\t\t\t<div class=\"elementor-element elementor-element-b97465d e-flex e-con-boxed e-con e-parent\" data-id=\"b97465d\" data-element_type=\"container\" data-e-type=\"container\" data-settings=\"{&quot;_ha_eqh_enable&quot;:false,&quot;jet_parallax_layout_list&quot;:[]}\">\n\t\t\t\t\t<div class=\"e-con-inner\">\n\t\t<div class=\"elementor-element elementor-element-86e762f e-flex e-con-boxed e-con e-child\" data-id=\"86e762f\" data-element_type=\"container\" data-e-type=\"container\" data-settings=\"{&quot;background_background&quot;:&quot;classic&quot;,&quot;_ha_eqh_enable&quot;:false,&quot;jet_parallax_layout_list&quot;:[]}\">\n\t\t\t\t\t<div class=\"e-con-inner\">\n\t\t<div class=\"elementor-element elementor-element-8b306d6 e-con-full e-flex e-con e-child\" data-id=\"8b306d6\" data-element_type=\"container\" data-e-type=\"container\" data-settings=\"{&quot;_ha_eqh_enable&quot;:false,&quot;jet_parallax_layout_list&quot;:[]}\">\n\t\t\t\t<div class=\"elementor-element elementor-element-cecf418 elementor-invisible elementor-widget elementor-widget-heading\" data-id=\"cecf418\" data-element_type=\"widget\" data-e-type=\"widget\" data-settings=\"{&quot;_animation&quot;:&quot;fadeInLeft&quot;}\" data-widget_type=\"heading.default\">\n\t\t\t\t<div class=\"elementor-widget-container\">\n\t\t\t\t\t<h1 class=\"elementor-heading-title elementor-size-default\">Prenez contact avec nous. Nous serions ravis de vous parler <\/h1>\t\t\t\t<\/div>\n\t\t\t\t<\/div>\n\t\t\t\t<\/div>\n\t\t\t\t\t<\/div>\n\t\t\t\t<\/div>\n\t\t\t\t\t<\/div>\n\t\t\t\t<\/div>\n\t\t<div class=\"elementor-element elementor-element-1e2cbef e-flex e-con-boxed e-con e-parent\" data-id=\"1e2cbef\" data-element_type=\"container\" data-e-type=\"container\" data-settings=\"{&quot;_ha_eqh_enable&quot;:false,&quot;jet_parallax_layout_list&quot;:[]}\">\n\t\t\t\t\t<div class=\"e-con-inner\">\n\t\t<div class=\"elementor-element elementor-element-bd299e6 e-flex e-con-boxed elementor-invisible e-con e-child\" data-id=\"bd299e6\" data-element_type=\"container\" data-e-type=\"container\" data-settings=\"{&quot;animation&quot;:&quot;fadeInLeft&quot;,&quot;_ha_eqh_enable&quot;:false,&quot;jet_parallax_layout_list&quot;:[]}\">\n\t\t\t\t\t<div class=\"e-con-inner\">\n\t\t\t\t<div class=\"elementor-element elementor-element-fd6b60b elementor-widget elementor-widget-heading\" data-id=\"fd6b60b\" data-element_type=\"widget\" data-e-type=\"widget\" data-widget_type=\"heading.default\">\n\t\t\t\t<div class=\"elementor-widget-container\">\n\t\t\t\t\t<h2 class=\"elementor-heading-title elementor-size-default\">Contactez-nous<\/h2>\t\t\t\t<\/div>\n\t\t\t\t<\/div>\n\t\t\t\t<div class=\"elementor-element elementor-element-cb6f2d1 elementor-widget elementor-widget-text-editor\" data-id=\"cb6f2d1\" data-element_type=\"widget\" data-e-type=\"widget\" data-widget_type=\"text-editor.default\">\n\t\t\t\t<div class=\"elementor-widget-container\">\n\t\t\t\t\t\t\t\t\t<p class=\"p1\"><span class=\"s1\"><b>Nous serions enchant\u00e9s de discuter de votre prochain projet<\/b><\/span><\/p>\n<p class=\"p3\"><span class=\"s1\">N&rsquo;h\u00e9sitez pas \u00e0 nous contacter si vous avez des questions ou des besoins. Nous serons heureux de collaborer avec vous <\/span><\/p>\n<p class=\"p1\"><span class=\"s1\"><b>Visitez-nous <\/b><\/span><\/p>\n<p class=\"p3\"><span class=\"s1\">c\/Armenteres s\/n<br \/>Pol.Ind. MATAC\u00c0S, Nave 21<br \/>08980,  <\/span>Sant Feliu de Llobregat<br \/>Barcelona, Spain<\/p>\n<p class=\"p1\"><span class=\"s1\"><b>Appelez-nous <\/b><\/span><\/p>\n<p class=\"p3\"><span class=\"s1\">+34 93 666 46 11 \/ +34 635 519 002<\/span><\/p>\n<p class=\"p1\"><span class=\"s1\"><b>\u00c9crivez-nous <\/b><\/span><\/p>\n<p class=\"p3\"><span class=\"s1\">hello@rimsa.com<\/span><\/p>\n\t\t\t\t\t\t\t\t<\/div>\n\t\t\t\t<\/div>\n\t\t\t\t\t<\/div>\n\t\t\t\t<\/div>\n\t\t<div class=\"elementor-element elementor-element-c86337f e-con-full e-flex elementor-invisible e-con e-child\" data-id=\"c86337f\" data-element_type=\"container\" data-e-type=\"container\" data-settings=\"{&quot;animation&quot;:&quot;fadeInRight&quot;,&quot;_ha_eqh_enable&quot;:false,&quot;jet_parallax_layout_list&quot;:[]}\">\n\t\t\t\t<div class=\"elementor-element elementor-element-4652453 elementor-button-align-stretch elementor-widget elementor-widget-global elementor-global-71512 elementor-global-71122 elementor-widget-form\" data-id=\"4652453\" data-element_type=\"widget\" data-e-type=\"widget\" data-settings=\"{&quot;button_width&quot;:&quot;20&quot;,&quot;step_next_label&quot;:&quot;Suivant&quot;,&quot;step_previous_label&quot;:&quot;Pr\\u00e9c\\u00e9dent&quot;,&quot;step_type&quot;:&quot;number_text&quot;,&quot;step_icon_shape&quot;:&quot;circle&quot;}\" data-widget_type=\"form.default\">\n\t\t\t\t<div class=\"elementor-widget-container\">\n\t\t\t\t\t\t\t<form class=\"elementor-form\" method=\"post\" name=\"Nouveau formulaire\" aria-label=\"Nouveau formulaire\">\n\t\t\t<input type=\"hidden\" name=\"post_id\" value=\"69670\"\/>\n\t\t\t<input type=\"hidden\" name=\"form_id\" value=\"4652453\"\/>\n\t\t\t<input type=\"hidden\" name=\"referer_title\" value=\"Rimsa\" \/>\n\n\t\t\t\n\t\t\t<div class=\"elementor-form-fields-wrapper elementor-labels-\">\n\t\t\t\t\t\t\t\t<div class=\"elementor-field-type-text elementor-field-group elementor-column elementor-field-group-name elementor-col-100 elementor-field-required\">\n\t\t\t\t\t\t\t\t\t\t\t\t<label for=\"form-field-name\" class=\"elementor-field-label elementor-screen-only\">\n\t\t\t\t\t\t\t\tNom\t\t\t\t\t\t\t<\/label>\n\t\t\t\t\t\t\t\t\t\t\t\t\t\t<input size=\"1\" type=\"text\" name=\"form_fields[name]\" id=\"form-field-name\" class=\"elementor-field elementor-size-sm  elementor-field-textual\" placeholder=\"NOM\" required=\"required\">\n\t\t\t\t\t\t\t\t\t\t\t<\/div>\n\t\t\t\t\t\t\t\t<div class=\"elementor-field-type-text elementor-field-group elementor-column elementor-field-group-field_6ba40cc elementor-col-100 elementor-field-required\">\n\t\t\t\t\t\t\t\t\t\t\t\t<label for=\"form-field-field_6ba40cc\" class=\"elementor-field-label elementor-screen-only\">\n\t\t\t\t\t\t\t\tNom de famille\t\t\t\t\t\t\t<\/label>\n\t\t\t\t\t\t\t\t\t\t\t\t\t\t<input size=\"1\" type=\"text\" name=\"form_fields[field_6ba40cc]\" id=\"form-field-field_6ba40cc\" class=\"elementor-field elementor-size-sm  elementor-field-textual\" placeholder=\"NOM\" required=\"required\">\n\t\t\t\t\t\t\t\t\t\t\t<\/div>\n\t\t\t\t\t\t\t\t<div class=\"elementor-field-type-text elementor-field-group elementor-column elementor-field-group-field_02c4449 elementor-col-100\">\n\t\t\t\t\t\t\t\t\t\t\t\t<label for=\"form-field-field_02c4449\" class=\"elementor-field-label elementor-screen-only\">\n\t\t\t\t\t\t\t\tEntreprise\t\t\t\t\t\t\t<\/label>\n\t\t\t\t\t\t\t\t\t\t\t\t\t\t<input size=\"1\" type=\"text\" name=\"form_fields[field_02c4449]\" id=\"form-field-field_02c4449\" class=\"elementor-field elementor-size-sm  elementor-field-textual\" placeholder=\"ENTREPRISE\">\n\t\t\t\t\t\t\t\t\t\t\t<\/div>\n\t\t\t\t\t\t\t\t<div class=\"elementor-field-type-email elementor-field-group elementor-column elementor-field-group-email elementor-col-100 elementor-field-required\">\n\t\t\t\t\t\t\t\t\t\t\t\t<label for=\"form-field-email\" class=\"elementor-field-label elementor-screen-only\">\n\t\t\t\t\t\t\t\tEmail\t\t\t\t\t\t\t<\/label>\n\t\t\t\t\t\t\t\t\t\t\t\t\t\t<input size=\"1\" type=\"email\" name=\"form_fields[email]\" id=\"form-field-email\" class=\"elementor-field elementor-size-sm  elementor-field-textual\" placeholder=\"EMAIL\" required=\"required\">\n\t\t\t\t\t\t\t\t\t\t\t<\/div>\n\t\t\t\t\t\t\t\t<div class=\"elementor-field-type-textarea elementor-field-group elementor-column elementor-field-group-message elementor-col-100\">\n\t\t\t\t\t\t\t\t\t\t\t\t<label for=\"form-field-message\" class=\"elementor-field-label elementor-screen-only\">\n\t\t\t\t\t\t\t\tCommentaire\t\t\t\t\t\t\t<\/label>\n\t\t\t\t\t\t<textarea class=\"elementor-field-textual elementor-field  elementor-size-sm\" name=\"form_fields[message]\" id=\"form-field-message\" rows=\"4\" placeholder=\"COMMENTAIRE\"><\/textarea>\t\t\t\t<\/div>\n\t\t\t\t\t\t\t\t<div class=\"elementor-field-type-acceptance elementor-field-group elementor-column elementor-field-group-field_fa33ff2 elementor-col-100 elementor-field-required\">\n\t\t\t\t\t\t\t\t\t\t\t\t<label for=\"form-field-field_fa33ff2\" class=\"elementor-field-label elementor-screen-only\">\n\t\t\t\t\t\t\t\tConfidentialit\u00e9\t\t\t\t\t\t\t<\/label>\n\t\t\t\t\t\t\t\t<div class=\"elementor-field-subgroup\">\n\t\t\t<span class=\"elementor-field-option\">\n\t\t\t\t<input type=\"checkbox\" name=\"form_fields[field_fa33ff2]\" id=\"form-field-field_fa33ff2\" class=\"elementor-field elementor-size-sm  elementor-acceptance-field\" required=\"required\">\n\t\t\t\t<label for=\"form-field-field_fa33ff2\">Confirmez que vous avez lu et accept\u00e9 notre <a href=\"https:\/\/rimsa.com\/fr\/politique-de-confidentialite\">politique de confidentialit\u00e9<\/a><\/label>\t\t\t<\/span>\n\t\t<\/div>\n\t\t\t\t\t\t<\/div>\n\t\t\t\t\t\t\t\t<div class=\"elementor-field-type-recaptcha_v3 elementor-field-group elementor-column elementor-field-group-field_a64a89d elementor-col-100 recaptcha_v3-bottomright\">\n\t\t\t\t\t<div class=\"elementor-field\" id=\"form-field-field_a64a89d\"><div class=\"elementor-g-recaptcha\" data-sitekey=\"6Lf0Q-MpAAAAABWqBbMt-rzmqbb91171ygGitSvA\" data-type=\"v3\" data-action=\"Form\" data-badge=\"bottomright\" data-size=\"invisible\"><\/div><\/div>\t\t\t\t<\/div>\n\t\t\t\t\t\t\t\t<div class=\"elementor-field-group elementor-column elementor-field-type-submit elementor-col-20 e-form__buttons\">\n\t\t\t\t\t<button class=\"elementor-button elementor-size-sm\" type=\"submit\">\n\t\t\t\t\t\t<span class=\"elementor-button-content-wrapper\">\n\t\t\t\t\t\t\t\t\t\t\t\t\t\t\t\t\t\t\t\t\t\t<span class=\"elementor-button-text\">Envoyer<\/span>\n\t\t\t\t\t\t\t\t\t\t\t\t\t<\/span>\n\t\t\t\t\t<\/button>\n\t\t\t\t<\/div>\n\t\t\t<\/div>\n\t\t<\/form>\n\t\t\t\t\t\t<\/div>\n\t\t\t\t<\/div>\n\t\t\t\t<\/div>\n\t\t\t\t\t<\/div>\n\t\t\t\t<\/div>\n\t\t<div class=\"elementor-element elementor-element-fb87088 e-flex e-con-boxed e-con e-parent\" data-id=\"fb87088\" data-element_type=\"container\" data-e-type=\"container\" data-settings=\"{&quot;_ha_eqh_enable&quot;:false,&quot;jet_parallax_layout_list&quot;:[]}\">\n\t\t\t\t\t<div class=\"e-con-inner\">\n\t\t\t\t<div class=\"elementor-element elementor-element-f9185d0 elementor-widget elementor-widget-google_maps\" data-id=\"f9185d0\" data-element_type=\"widget\" data-e-type=\"widget\" data-widget_type=\"google_maps.default\">\n\t\t\t\t<div class=\"elementor-widget-container\">\n\t\t\t\t\t\t\t<div class=\"elementor-custom-embed\">\n\t\t\t<iframe loading=\"lazy\"\n\t\t\t\t\tsrc=\"https:\/\/maps.google.com\/maps?q=rimsa%20metal%20technology&#038;t=m&#038;z=12&#038;output=embed&#038;iwloc=near\"\n\t\t\t\t\ttitle=\"rimsa metal technology\"\n\t\t\t\t\taria-label=\"rimsa metal technology\"\n\t\t\t><\/iframe>\n\t\t<\/div>\n\t\t\t\t\t\t<\/div>\n\t\t\t\t<\/div>\n\t\t\t\t\t<\/div>\n\t\t\t\t<\/div>\n\t\t\t\t<\/div>\n\t\t","protected":false},"excerpt":{"rendered":"<p>Prenez contact avec nous. Nous serions ravis de vous parler Contactez-nous Nous serions enchant\u00e9s de discuter de votre prochain projet N&rsquo;h\u00e9sitez pas \u00e0 nous contacter si vous avez des questions ou des besoins. Nous serons heureux de collaborer avec vous Visitez-nous c\/Armenteres s\/nPol.Ind. MATAC\u00c0S, Nave 2108980, Sant Feliu de LlobregatBarcelona, Spain Appelez-nous +34 93 666 [&hellip;]<\/p>\n","protected":false},"author":1,"featured_media":0,"parent":0,"menu_order":0,"comment_status":"closed","ping_status":"closed","template":"","meta":{"footnotes":""},"class_list":["post-69670","page","type-page","status-publish","hentry"],"yoast_head":"<!-- This site is optimized with the Yoast SEO plugin v26.6 - https:\/\/yoast.com\/wordpress\/plugins\/seo\/ -->\n<title>Contact - Rimsa<\/title>\n<meta name=\"robots\" content=\"index, follow, max-snippet:-1, max-image-preview:large, max-video-preview:-1\" \/>\n<link rel=\"canonical\" href=\"https:\/\/rimsa.com\/fr\/contact\" \/>\n<meta property=\"og:locale\" content=\"fr_FR\" \/>\n<meta property=\"og:type\" content=\"article\" \/>\n<meta property=\"og:title\" content=\"Contact - Rimsa\" \/>\n<meta property=\"og:description\" content=\"Prenez contact avec nous. Nous serions ravis de vous parler Contactez-nous Nous serions enchant\u00e9s de discuter de votre prochain projet N&rsquo;h\u00e9sitez pas \u00e0 nous contacter si vous avez des questions ou des besoins. Nous serons heureux de collaborer avec vous Visitez-nous c\/Armenteres s\/nPol.Ind. MATAC\u00c0S, Nave 2108980, Sant Feliu de LlobregatBarcelona, Spain Appelez-nous +34 93 666 [&hellip;]\" \/>\n<meta property=\"og:url\" content=\"https:\/\/rimsa.com\/fr\/contact\" \/>\n<meta property=\"og:site_name\" content=\"Rimsa\" \/>\n<meta property=\"article:modified_time\" content=\"2024-06-14T17:50:28+00:00\" \/>\n<meta name=\"twitter:card\" content=\"summary_large_image\" \/>\n<meta name=\"twitter:label1\" content=\"Dur\u00e9e de lecture estim\u00e9e\" \/>\n\t<meta name=\"twitter:data1\" content=\"1 minute\" \/>\n<script type=\"application\/ld+json\" class=\"yoast-schema-graph\">{\"@context\":\"https:\/\/schema.org\",\"@graph\":[{\"@type\":\"WebPage\",\"@id\":\"https:\/\/rimsa.com\/fr\/contact\",\"url\":\"https:\/\/rimsa.com\/fr\/contact\",\"name\":\"Contact - Rimsa\",\"isPartOf\":{\"@id\":\"https:\/\/rimsa.com\/#website\"},\"datePublished\":\"2023-12-14T10:57:29+00:00\",\"dateModified\":\"2024-06-14T17:50:28+00:00\",\"breadcrumb\":{\"@id\":\"https:\/\/rimsa.com\/fr\/contact#breadcrumb\"},\"inLanguage\":\"fr-FR\",\"potentialAction\":[{\"@type\":\"ReadAction\",\"target\":[\"https:\/\/rimsa.com\/fr\/contact\"]}]},{\"@type\":\"BreadcrumbList\",\"@id\":\"https:\/\/rimsa.com\/fr\/contact#breadcrumb\",\"itemListElement\":[{\"@type\":\"ListItem\",\"position\":1,\"name\":\"Home\",\"item\":\"https:\/\/rimsa.com\/\"},{\"@type\":\"ListItem\",\"position\":2,\"name\":\"Contact\"}]},{\"@type\":\"WebSite\",\"@id\":\"https:\/\/rimsa.com\/#website\",\"url\":\"https:\/\/rimsa.com\/\",\"name\":\"Rimsa\",\"description\":\"\",\"publisher\":{\"@id\":\"https:\/\/rimsa.com\/#organization\"},\"potentialAction\":[{\"@type\":\"SearchAction\",\"target\":{\"@type\":\"EntryPoint\",\"urlTemplate\":\"https:\/\/rimsa.com\/?s={search_term_string}\"},\"query-input\":{\"@type\":\"PropertyValueSpecification\",\"valueRequired\":true,\"valueName\":\"search_term_string\"}}],\"inLanguage\":\"fr-FR\"},{\"@type\":\"Organization\",\"@id\":\"https:\/\/rimsa.com\/#organization\",\"name\":\"Rimsa\",\"url\":\"https:\/\/rimsa.com\/\",\"logo\":{\"@type\":\"ImageObject\",\"inLanguage\":\"fr-FR\",\"@id\":\"https:\/\/rimsa.com\/#\/schema\/logo\/image\/\",\"url\":\"https:\/\/rimsa.com\/wp-content\/uploads\/2023\/11\/logo.svg\",\"contentUrl\":\"https:\/\/rimsa.com\/wp-content\/uploads\/2023\/11\/logo.svg\",\"width\":161,\"height\":65,\"caption\":\"Rimsa\"},\"image\":{\"@id\":\"https:\/\/rimsa.com\/#\/schema\/logo\/image\/\"}}]}<\/script>\n<!-- \/ Yoast SEO plugin. -->","yoast_head_json":{"title":"Contact - Rimsa","robots":{"index":"index","follow":"follow","max-snippet":"max-snippet:-1","max-image-preview":"max-image-preview:large","max-video-preview":"max-video-preview:-1"},"canonical":"https:\/\/rimsa.com\/fr\/contact","og_locale":"fr_FR","og_type":"article","og_title":"Contact - Rimsa","og_description":"Prenez contact avec nous. Nous serions ravis de vous parler Contactez-nous Nous serions enchant\u00e9s de discuter de votre prochain projet N&rsquo;h\u00e9sitez pas \u00e0 nous contacter si vous avez des questions ou des besoins. Nous serons heureux de collaborer avec vous Visitez-nous c\/Armenteres s\/nPol.Ind. MATAC\u00c0S, Nave 2108980, Sant Feliu de LlobregatBarcelona, Spain Appelez-nous +34 93 666 [&hellip;]","og_url":"https:\/\/rimsa.com\/fr\/contact","og_site_name":"Rimsa","article_modified_time":"2024-06-14T17:50:28+00:00","twitter_card":"summary_large_image","twitter_misc":{"Dur\u00e9e de lecture estim\u00e9e":"1 minute"},"schema":{"@context":"https:\/\/schema.org","@graph":[{"@type":"WebPage","@id":"https:\/\/rimsa.com\/fr\/contact","url":"https:\/\/rimsa.com\/fr\/contact","name":"Contact - Rimsa","isPartOf":{"@id":"https:\/\/rimsa.com\/#website"},"datePublished":"2023-12-14T10:57:29+00:00","dateModified":"2024-06-14T17:50:28+00:00","breadcrumb":{"@id":"https:\/\/rimsa.com\/fr\/contact#breadcrumb"},"inLanguage":"fr-FR","potentialAction":[{"@type":"ReadAction","target":["https:\/\/rimsa.com\/fr\/contact"]}]},{"@type":"BreadcrumbList","@id":"https:\/\/rimsa.com\/fr\/contact#breadcrumb","itemListElement":[{"@type":"ListItem","position":1,"name":"Home","item":"https:\/\/rimsa.com\/"},{"@type":"ListItem","position":2,"name":"Contact"}]},{"@type":"WebSite","@id":"https:\/\/rimsa.com\/#website","url":"https:\/\/rimsa.com\/","name":"Rimsa","description":"","publisher":{"@id":"https:\/\/rimsa.com\/#organization"},"potentialAction":[{"@type":"SearchAction","target":{"@type":"EntryPoint","urlTemplate":"https:\/\/rimsa.com\/?s={search_term_string}"},"query-input":{"@type":"PropertyValueSpecification","valueRequired":true,"valueName":"search_term_string"}}],"inLanguage":"fr-FR"},{"@type":"Organization","@id":"https:\/\/rimsa.com\/#organization","name":"Rimsa","url":"https:\/\/rimsa.com\/","logo":{"@type":"ImageObject","inLanguage":"fr-FR","@id":"https:\/\/rimsa.com\/#\/schema\/logo\/image\/","url":"https:\/\/rimsa.com\/wp-content\/uploads\/2023\/11\/logo.svg","contentUrl":"https:\/\/rimsa.com\/wp-content\/uploads\/2023\/11\/logo.svg","width":161,"height":65,"caption":"Rimsa"},"image":{"@id":"https:\/\/rimsa.com\/#\/schema\/logo\/image\/"}}]}},"_links":{"self":[{"href":"https:\/\/rimsa.com\/fr\/wp-json\/wp\/v2\/pages\/69670","targetHints":{"allow":["GET"]}}],"collection":[{"href":"https:\/\/rimsa.com\/fr\/wp-json\/wp\/v2\/pages"}],"about":[{"href":"https:\/\/rimsa.com\/fr\/wp-json\/wp\/v2\/types\/page"}],"author":[{"embeddable":true,"href":"https:\/\/rimsa.com\/fr\/wp-json\/wp\/v2\/users\/1"}],"replies":[{"embeddable":true,"href":"https:\/\/rimsa.com\/fr\/wp-json\/wp\/v2\/comments?post=69670"}],"version-history":[{"count":1,"href":"https:\/\/rimsa.com\/fr\/wp-json\/wp\/v2\/pages\/69670\/revisions"}],"predecessor-version":[{"id":74735,"href":"https:\/\/rimsa.com\/fr\/wp-json\/wp\/v2\/pages\/69670\/revisions\/74735"}],"wp:attachment":[{"href":"https:\/\/rimsa.com\/fr\/wp-json\/wp\/v2\/media?parent=69670"}],"curies":[{"name":"wp","href":"https:\/\/api.w.org\/{rel}","templated":true}]}}