{"id":70229,"date":"2024-02-12T12:03:14","date_gmt":"2024-02-12T12:03:14","guid":{"rendered":"https:\/\/rimsa.com\/politique-de-cookies"},"modified":"2024-06-14T17:35:37","modified_gmt":"2024-06-14T17:35:37","slug":"politique-de-cookies","status":"publish","type":"page","link":"https:\/\/rimsa.com\/fr\/politique-de-cookies","title":{"rendered":"Politique de cookies"},"content":{"rendered":"\t\t<div data-elementor-type=\"wp-page\" data-elementor-id=\"70229\" class=\"elementor elementor-70229 elementor-70213\" data-elementor-settings=\"{&quot;ha_cmc_init_switcher&quot;:&quot;no&quot;}\" data-elementor-post-type=\"page\">\n\t\t\t\t<div class=\"elementor-element elementor-element-98ca4db e-flex e-con-boxed e-con e-parent\" data-id=\"98ca4db\" data-element_type=\"container\" data-e-type=\"container\" data-settings=\"{&quot;_ha_eqh_enable&quot;:false,&quot;jet_parallax_layout_list&quot;:[]}\">\n\t\t\t\t\t<div class=\"e-con-inner\">\n\t\t<div class=\"elementor-element elementor-element-e14cdd2 e-flex e-con-boxed e-con e-child\" data-id=\"e14cdd2\" data-element_type=\"container\" data-e-type=\"container\" data-settings=\"{&quot;background_background&quot;:&quot;classic&quot;,&quot;_ha_eqh_enable&quot;:false,&quot;jet_parallax_layout_list&quot;:[]}\">\n\t\t\t\t\t<div class=\"e-con-inner\">\n\t\t<div class=\"elementor-element elementor-element-5514e65 e-con-full e-flex e-con e-child\" data-id=\"5514e65\" data-element_type=\"container\" data-e-type=\"container\" data-settings=\"{&quot;_ha_eqh_enable&quot;:false,&quot;jet_parallax_layout_list&quot;:[]}\">\n\t\t\t\t<div class=\"elementor-element elementor-element-d9f78ad elementor-widget elementor-widget-heading\" data-id=\"d9f78ad\" data-element_type=\"widget\" data-e-type=\"widget\" data-widget_type=\"heading.default\">\n\t\t\t\t<div class=\"elementor-widget-container\">\n\t\t\t\t\t<h1 class=\"elementor-heading-title elementor-size-default\">Politique de cookies<\/h1>\t\t\t\t<\/div>\n\t\t\t\t<\/div>\n\t\t\t\t<\/div>\n\t\t\t\t\t<\/div>\n\t\t\t\t<\/div>\n\t\t\t\t\t<\/div>\n\t\t\t\t<\/div>\n\t\t<div class=\"elementor-element elementor-element-f35f441 e-flex e-con-boxed e-con e-parent\" data-id=\"f35f441\" data-element_type=\"container\" data-e-type=\"container\" data-settings=\"{&quot;_ha_eqh_enable&quot;:false,&quot;jet_parallax_layout_list&quot;:[]}\">\n\t\t\t\t\t<div class=\"e-con-inner\">\n\t\t\t\t<div class=\"elementor-element elementor-element-6796b76 elementor-widget elementor-widget-text-editor\" data-id=\"6796b76\" data-element_type=\"widget\" data-e-type=\"widget\" data-widget_type=\"text-editor.default\">\n\t\t\t\t<div class=\"elementor-widget-container\">\n\t\t\t\t\t\t\t\t\t<p>RIMSA METAL TECHNOLOGY, S.L., propri\u00e9taire de ce site Web, utilise ses propres cookies et ceux de tiers \u00e0 des fins diff\u00e9rentes. RIMSA METAL TECHNOLOGY, S.L. recourt \u00e0 l&rsquo;utilisation de cookies afin de respecter les exigences l\u00e9gales \u00e9tablies dans la loi 34\/2002, du 11 juillet, sur les services de la soci\u00e9t\u00e9 de l&rsquo;information et le commerce \u00e9lectronique (LSSI). <\/p>\n<p>L&rsquo;objectif de cette politique de cookies est de vous informer de mani\u00e8re claire, pr\u00e9cise et compl\u00e8te sur les cookies que nous utilisons, les informations que nous collectons par leur biais et les finalit\u00e9s pour lesquelles ces informations sont utilis\u00e9es, comme le pr\u00e9voit l&rsquo;article 22.2 de la LSSI.<\/p>\n<h3><strong>  1.  <\/strong><strong>QUE SONT LES COOKIES ET \u00c0 QUOI SERVENT-ILS ?<\/strong><\/h3>\n<p>Un \u00ab\u00a0cookie\u00a0\u00bb est un fichier qui est stock\u00e9 sur l&rsquo;ordinateur, la tablette, le smartphone ou tout autre appareil de l&rsquo;utilisateur afin de collecter et de stocker des informations sur l&rsquo;utilisation du site Web par l&rsquo;utilisateur (article 22.2 de la LSSI).<\/p>\n<h3>2.<strong>QUI EST RESPONSABLE ?<\/strong><\/h3>\n<p>Les cookies utilis\u00e9s sur le site web sont g\u00e9r\u00e9s par RIMSA METAL TECHNOLOGY, S.L. <em>ou <\/em>tiers avec leurs objectifs et leur p\u00e9riode de conservation, d\u00e9finis dans la section quatre de la pr\u00e9sente politique en mati\u00e8re de cookies.<\/p>\n<h3><strong>  3.  <\/strong><strong>QUELS SONT LES TYPES DE COOKIES ?<\/strong><\/h3>\n<p>Vous trouverez ci-dessous une classification des cookies qui existent et peuvent \u00eatre utilis\u00e9s sur notre site web, sachant qu&rsquo;un m\u00eame cookie peut \u00eatre inclus dans plus d&rsquo;une cat\u00e9gorie.<\/p>\n<ol>\n<li>Selon la <strong>l&rsquo;entit\u00e9 qui les g\u00e8re<\/strong>\n<ul>\n<li><span style=\"text-decoration: underline;\">Cookies propres<\/span> : ceux qui sont envoy\u00e9s \u00e0 votre ordinateur \u00e0 partir de nos propres ordinateurs ou domaines et \u00e0 partir desquels nous fournissons le service que vous nous demandez.<\/li>\n<li><u>Cookies tiers<\/u> : ceux qui sont envoy\u00e9s \u00e0 votre ordinateur \u00e0 partir d&rsquo;un ordinateur ou d&rsquo;un domaine qui n&rsquo;est pas g\u00e9r\u00e9 par nous, mais par une autre entit\u00e9 collaboratrice.<\/li>\n<\/ul>\n<\/li>\n<li>Selon la <strong>la dur\u00e9e pendant laquelle ils restent actifs<\/strong>\n<ul>\n<li><u>Les cookies de session:<\/u> sont con\u00e7us pour collecter et stocker des donn\u00e9es pendant que l&rsquo;utilisateur acc\u00e8de \u00e0 une page web. Ils sont g\u00e9n\u00e9ralement utilis\u00e9s pour stocker des informations qui ne pr\u00e9sentent un int\u00e9r\u00eat que pour la fourniture du service demand\u00e9 par l&rsquo;utilisateur \u00e0 une seule occasion (par exemple, une liste de produits achet\u00e9s) et disparaissent \u00e0 la fin de la session. <\/li>\n<li><u>Les cookies persistants:<\/u> sont ceux dans lesquels les donn\u00e9es continuent d&rsquo;\u00eatre stock\u00e9es dans le terminal et peuvent \u00eatre consult\u00e9es et trait\u00e9es pendant une p\u00e9riode d\u00e9finie par le responsable du cookie, et qui peut aller de quelques minutes \u00e0 plusieurs ann\u00e9es.<\/li>\n<\/ul>\n<\/li>\n<li>Selon la <strong>objectif<\/strong>\n<ul>\n<li><u>Cookies techniques:<\/u> sont ceux qui permettent de naviguer sur le site Web, y compris ceux qui sont utilis\u00e9s pour g\u00e9rer le site Web et permettre ses fonctions et services (par exemple : contr\u00f4ler le trafic et la communication de donn\u00e9es, identifier la session, acc\u00e9der \u00e0 des parties \u00e0 acc\u00e8s restreint, m\u00e9moriser les \u00e9l\u00e9ments qui composent une commande, r\u00e9aliser le processus d&rsquo;achat d&rsquo;une commande, g\u00e9rer le paiement, etc.) Ces cookies seront exempt\u00e9s du respect des obligations \u00e9tablies \u00e0 l&rsquo;article 22.2 de la LSSI lorsqu&rsquo;ils permettent de fournir le service demand\u00e9 par l&rsquo;utilisateur. Cependant, si ces cookies sont utilis\u00e9s \u00e0 des fins non exempt\u00e9es, ils seront soumis \u00e0 ces obligations.  <\/li>\n<li><u>Cookies de personnalisation:<\/u> sont ceux qui permettent de m\u00e9moriser des informations afin que vous puissiez acc\u00e9der au site Web avec certaines caract\u00e9ristiques qui peuvent diff\u00e9rencier votre exp\u00e9rience de celle d&rsquo;autres utilisateurs (par exemple : la langue, le nombre de r\u00e9sultats \u00e0 afficher lorsque l&rsquo;utilisateur effectue une recherche, l&rsquo;apparence ou le contenu du service en fonction du type de navigateur par lequel l&rsquo;utilisateur acc\u00e8de au service ou de la r\u00e9gion \u00e0 partir de laquelle l&rsquo;utilisateur acc\u00e8de au service, etc.) Si l&rsquo;utilisateur choisit ces caract\u00e9ristiques (par exemple, en s\u00e9lectionnant la langue du site web en cliquant sur l&rsquo;ic\u00f4ne du drapeau correspondant), les cookies seront exempt\u00e9s des obligations de l&rsquo;article 22.2 de la LSSI car ils sont consid\u00e9r\u00e9s comme un service express\u00e9ment demand\u00e9 par l&rsquo;utilisateur, \u00e0 condition que les cookies ob\u00e9issent \u00e0 la finalit\u00e9 choisie. <\/li>\n<li><u>Les cookies d&rsquo;analyse ou de mesure: <\/u> sont ceux qui permettent \u00e0 leur responsable de suivre et d&rsquo;analyser le comportement des utilisateurs, y compris la quantification de l&rsquo;impact des publicit\u00e9s. Les informations collect\u00e9es par ce type de cookies sont utilis\u00e9es pour mesurer l&rsquo;activit\u00e9 du site Web afin d&rsquo;introduire des am\u00e9liorations bas\u00e9es sur l&rsquo;analyse des donn\u00e9es d&rsquo;utilisation fournies par les utilisateurs. <\/li>\n<li><u>Les cookies de publicit\u00e9 comportementale: <\/u> sont ceux qui stockent des informations sur le comportement des utilisateurs obtenues gr\u00e2ce \u00e0 l&rsquo;observation continue de leurs habitudes de navigation, ce qui permet de d\u00e9velopper un profil sp\u00e9cifique afin d&rsquo;afficher de la publicit\u00e9 bas\u00e9e sur ce dernier.<\/li>\n<\/ul>\n<\/li>\n<\/ol>\n<div>\n<h3><strong>4. QUELS COOKIES UTILISONS-NOUS SUR NOTRE SITE WEB ?<\/strong><\/h3>\n<\/div>\n<p>RIMSA METAL TECHNOLOGY, S.L. utilise les cookies suivants :<\/p>\n<table border=\"1\">\n<thead>\n<tr>\n<th>Type de cookie<\/th>\n<th>Nom du cookie<\/th>\n<th>Description\/objectif<\/th>\n<th>Propri\u00e9taire\/fournisseur<\/th>\n<th>Expiration<\/th>\n<\/tr>\n<\/thead>\n<tbody>\n<tr>\n<td>Fonctionnalit\u00e9<\/td>\n<td>_icl_visitor_lang_js<\/td>\n<td>Enregistre la langue pr\u00e9f\u00e9r\u00e9e de l&rsquo;utilisateur<\/td>\n<td>Propre (WPML)<\/td>\n<td>Lors de la d\u00e9connexion ou apr\u00e8s un certain temps<\/td>\n<\/tr>\n<tr>\n<td>Pr\u00e9f\u00e9rences<\/td>\n<td>moove_gdpr_popup<\/td>\n<td>Stocke les pr\u00e9f\u00e9rences en mati\u00e8re de consentement aux cookies conform\u00e9ment au GDPR<\/td>\n<td>Propre (Moove)<\/td>\n<td>1 an<\/td>\n<\/tr>\n<tr>\n<td>Fonctionnalit\u00e9<\/td>\n<td>wp-wpml_current_language<\/td>\n<td>Enregistre la langue actuelle s\u00e9lectionn\u00e9e par l&rsquo;utilisateur.<\/td>\n<td>Propre (WPML)<\/td>\n<td>1 jour<\/td>\n<\/tr>\n<tr>\n<td>Fonctionnalit\u00e9<\/td>\n<td>wpml_browser_redirect_test<\/td>\n<td>V\u00e9rifier si les demandes de navigation de l&rsquo;utilisateur peuvent \u00eatre redirig\u00e9es<\/td>\n<td>Propre (WPML)<\/td>\n<td>Lors de la d\u00e9connexion ou apr\u00e8s un certain temps<\/td>\n<\/tr>\n<tr>\n<td>Analyse<\/td>\n<td>_ga<\/td>\n<td>Il enregistre un identifiant unique qui est utilis\u00e9 pour g\u00e9n\u00e9rer des donn\u00e9es statistiques sur la fa\u00e7on dont le visiteur utilise le site web.<\/td>\n<td>Tiers (Google Analytics)<\/td>\n<td>2 ans<\/td>\n<\/tr>\n<tr>\n<td>Analyse<\/td>\n<td>_gid<\/td>\n<td>Il enregistre un identifiant unique qui est utilis\u00e9 pour g\u00e9n\u00e9rer des donn\u00e9es statistiques sur la fa\u00e7on dont le visiteur utilise le site web.<\/td>\n<td>Tiers (Google Analytics)<\/td>\n<td>1 jour<\/td>\n<\/tr>\n<tr>\n<td>Analyse<\/td>\n<td>_gat<\/td>\n<td>Utilis\u00e9 par Google Analytics pour surveiller le taux de requ\u00eate<\/td>\n<td>Tiers (Google Analytics)<\/td>\n<td>1 minute<\/td>\n<\/tr>\n<tr>\n<td>Fonctionnalit\u00e9<\/td>\n<td>_gat_gtag_UA_<\/td>\n<td>Utilis\u00e9 par Google Tag Manager pour contr\u00f4ler le chargement de Google Analytics<\/td>\n<td>Tiers (Google Tag Manager)<\/td>\n<td>1 minute<\/td>\n<\/tr>\n<\/tbody>\n<\/table>\n<h3><strong>5. COMBIEN DE TEMPS LES INFORMATIONS SERONT-ELLES CONSERV\u00c9ES ?<\/strong><\/h3>\n<p>Conform\u00e9ment \u00e0 l&rsquo;art. 13.2 du R\u00e8glement (UE) 2016\/679, nous conserverons les informations collect\u00e9es par le biais des cookies pendant le temps n\u00e9cessaire \u00e0 la r\u00e9alisation des objectifs indiqu\u00e9s dans chaque cookie.<\/p>\n<p>En ce qui concerne les cookies de tiers, les p\u00e9riodes de conservation peuvent \u00eatre consult\u00e9es dans leurs politiques respectives en mati\u00e8re de confidentialit\u00e9 et de cookies, qui sont \u00e9num\u00e9r\u00e9es dans le tableau ci-dessus.<\/p>\n<h3>6. <span style=\"font-weight: bold;\">COMMENT CONFIGURER OU D\u00c9SACTIVER LES COOKIES ?<\/span><\/h3>\n<p>La l\u00e9gitimit\u00e9 de RIMSA METAL TECHNOLOGY, S.L. pour l&rsquo;utilisation des cookies est bas\u00e9e sur le consentement expr\u00e8s demand\u00e9, conform\u00e9ment \u00e0 l&rsquo;article 6.1.a) du r\u00e8glement (UE) 2016\/679.<\/p>\n<p>Le consentement que vous nous avez donn\u00e9 s&rsquo;applique aux cookies pr\u00e9sents sur ce site Web et sur les sites Web de tiers avec lesquels nous collaborons, comme indiqu\u00e9 dans <em>\u00ab\u00a0\u00bf<\/em><em>quels cookies utilisons-nous sur notre site web ?\u00a0\u00bb<\/em> de la pr\u00e9sente politique.<\/p>\n<p>N&rsquo;oubliez pas que vous pouvez modifier ou retirer votre consentement \u00e0 tout moment via la banni\u00e8re situ\u00e9e en bas de notre site Web (G\u00e9rer votre consentement).<\/p>\n<p>Vous pouvez restreindre, bloquer ou supprimer les cookies install\u00e9s sur votre ordinateur en configurant les options de votre navigateur Internet :<\/p>\n<ul>\n<li>Google Chrome: <a href=\"https:\/\/support.google.com\/accounts\/answer\/61416?co=GENIE.Platform=Desktop&amp;hl=es\">https:\/\/support.google.com\/accounts\/answer\/61416?co=GENIE.Platform=Desktop&amp;hl=es#<\/a><\/li>\n<li>Mozilla Firefox: <a href=\"https:\/\/support.mozilla.org\/es\/kb\/habilitar-y-deshabilitar-cookies-sitios-web-rastrear-preferencias\">https:\/\/support.mozilla.org\/es\/kb\/habilitar-y-deshabilitar-cookies-sitios-web-rastrear-preferencias<\/a><\/li>\n<li>Internet Explorer: <a href=\"https:\/\/support.microsoft.com\/es-es\/topic\/eliminar-y-administrar-cookies-168dab11-0753-043d-7c16-ede5947fc64d\">https:\/\/support.microsoft.com\/es-es\/topic\/eliminar-y-administrar-cookies-168dab11-0753-043d-7c16-ede5947fc64d<br \/><\/a><\/li>\n<li>Safari: <a href=\"https:\/\/support.apple.com\/es-es\/guide\/safari\/sfri11471\/mac\">https:\/\/support.apple.com\/es-es\/guide\/safari\/sfri11471\/mac<\/a><\/li>\n<\/ul>\n<div>\n<h3><strong>7. INFORMATIONS COMPL\u00c9MENTAIRES<\/strong><\/h3>\n<\/div>\n<p>Pour toutes les questions relatives \u00e0 la vie priv\u00e9e et \u00e0 la protection des donn\u00e9es, vous pouvez consulter notre <a href=\"https:\/\/rimsa.com\/fr\/politique-de-confidentialite\">politique de confidentialit\u00e9<\/a>.<\/p>\n<p>La pr\u00e9sente politique en mati\u00e8re de cookies est conforme aux lignes directrices \u00e9tablies par le Comit\u00e9 europ\u00e9en de protection des donn\u00e9es, adapt\u00e9es au Guide des cookies de l&rsquo;AEPD, et sera sujette \u00e0 des modifications chaque fois que cela sera n\u00e9cessaire pour l&rsquo;adapter \u00e0 la l\u00e9gislation en vigueur \u00e0 tout moment ou \u00e0 toute variation dans le type de cookies utilis\u00e9s sur le site web. Par cons\u00e9quent, nous vous recommandons de consulter la pr\u00e9sente politique chaque fois que vous acc\u00e9dez \u00e0 notre site web afin de rester inform\u00e9 de la mani\u00e8re dont nous utilisons les cookies et des raisons pour lesquelles nous les utilisons. <\/p>\n\t\t\t\t\t\t\t\t<\/div>\n\t\t\t\t<\/div>\n\t\t\t\t\t<\/div>\n\t\t\t\t<\/div>\n\t\t\t\t<\/div>\n\t\t","protected":false},"excerpt":{"rendered":"<p>RIMSA METAL TECHNOLOGY, S.L., propri\u00e9taire de ce site Web, utilise ses propres cookies et ceux de tiers \u00e0 des fins diff\u00e9rentes. RIMSA METAL TECHNOLOGY, S.L. recourt \u00e0 l&rsquo;utilisation de cookies afin de respecter les exigences l\u00e9gales \u00e9tablies dans la loi 34\/2002, du 11 juillet, sur les services de la soci\u00e9t\u00e9 de l&rsquo;information et le commerce [&hellip;]<\/p>\n","protected":false},"author":1,"featured_media":0,"parent":0,"menu_order":0,"comment_status":"closed","ping_status":"closed","template":"","meta":{"footnotes":""},"class_list":["post-70229","page","type-page","status-publish","hentry"],"yoast_head":"<!-- This site is optimized with the Yoast SEO plugin v26.6 - https:\/\/yoast.com\/wordpress\/plugins\/seo\/ -->\n<title>Politique de cookies - Rimsa<\/title>\n<meta name=\"robots\" content=\"index, follow, max-snippet:-1, max-image-preview:large, max-video-preview:-1\" \/>\n<link rel=\"canonical\" href=\"https:\/\/rimsa.com\/fr\/politique-de-cookies\" \/>\n<meta property=\"og:locale\" content=\"fr_FR\" \/>\n<meta property=\"og:type\" content=\"article\" \/>\n<meta property=\"og:title\" content=\"Politique de cookies - Rimsa\" \/>\n<meta property=\"og:description\" content=\"RIMSA METAL TECHNOLOGY, S.L., propri\u00e9taire de ce site Web, utilise ses propres cookies et ceux de tiers \u00e0 des fins diff\u00e9rentes. RIMSA METAL TECHNOLOGY, S.L. recourt \u00e0 l&rsquo;utilisation de cookies afin de respecter les exigences l\u00e9gales \u00e9tablies dans la loi 34\/2002, du 11 juillet, sur les services de la soci\u00e9t\u00e9 de l&rsquo;information et le commerce [&hellip;]\" \/>\n<meta property=\"og:url\" content=\"https:\/\/rimsa.com\/fr\/politique-de-cookies\" \/>\n<meta property=\"og:site_name\" content=\"Rimsa\" \/>\n<meta property=\"article:modified_time\" content=\"2024-06-14T17:35:37+00:00\" \/>\n<meta name=\"twitter:card\" content=\"summary_large_image\" \/>\n<meta name=\"twitter:label1\" content=\"Dur\u00e9e de lecture estim\u00e9e\" \/>\n\t<meta name=\"twitter:data1\" content=\"6 minutes\" \/>\n<script type=\"application\/ld+json\" class=\"yoast-schema-graph\">{\"@context\":\"https:\/\/schema.org\",\"@graph\":[{\"@type\":\"WebPage\",\"@id\":\"https:\/\/rimsa.com\/fr\/politique-de-cookies\",\"url\":\"https:\/\/rimsa.com\/fr\/politique-de-cookies\",\"name\":\"Politique de cookies - Rimsa\",\"isPartOf\":{\"@id\":\"https:\/\/rimsa.com\/#website\"},\"datePublished\":\"2024-02-12T12:03:14+00:00\",\"dateModified\":\"2024-06-14T17:35:37+00:00\",\"breadcrumb\":{\"@id\":\"https:\/\/rimsa.com\/fr\/politique-de-cookies#breadcrumb\"},\"inLanguage\":\"fr-FR\",\"potentialAction\":[{\"@type\":\"ReadAction\",\"target\":[\"https:\/\/rimsa.com\/fr\/politique-de-cookies\"]}]},{\"@type\":\"BreadcrumbList\",\"@id\":\"https:\/\/rimsa.com\/fr\/politique-de-cookies#breadcrumb\",\"itemListElement\":[{\"@type\":\"ListItem\",\"position\":1,\"name\":\"Home\",\"item\":\"https:\/\/rimsa.com\/\"},{\"@type\":\"ListItem\",\"position\":2,\"name\":\"Politique de cookies\"}]},{\"@type\":\"WebSite\",\"@id\":\"https:\/\/rimsa.com\/#website\",\"url\":\"https:\/\/rimsa.com\/\",\"name\":\"Rimsa\",\"description\":\"\",\"publisher\":{\"@id\":\"https:\/\/rimsa.com\/#organization\"},\"potentialAction\":[{\"@type\":\"SearchAction\",\"target\":{\"@type\":\"EntryPoint\",\"urlTemplate\":\"https:\/\/rimsa.com\/?s={search_term_string}\"},\"query-input\":{\"@type\":\"PropertyValueSpecification\",\"valueRequired\":true,\"valueName\":\"search_term_string\"}}],\"inLanguage\":\"fr-FR\"},{\"@type\":\"Organization\",\"@id\":\"https:\/\/rimsa.com\/#organization\",\"name\":\"Rimsa\",\"url\":\"https:\/\/rimsa.com\/\",\"logo\":{\"@type\":\"ImageObject\",\"inLanguage\":\"fr-FR\",\"@id\":\"https:\/\/rimsa.com\/#\/schema\/logo\/image\/\",\"url\":\"https:\/\/rimsa.com\/wp-content\/uploads\/2023\/11\/logo.svg\",\"contentUrl\":\"https:\/\/rimsa.com\/wp-content\/uploads\/2023\/11\/logo.svg\",\"width\":161,\"height\":65,\"caption\":\"Rimsa\"},\"image\":{\"@id\":\"https:\/\/rimsa.com\/#\/schema\/logo\/image\/\"}}]}<\/script>\n<!-- \/ Yoast SEO plugin. -->","yoast_head_json":{"title":"Politique de cookies - Rimsa","robots":{"index":"index","follow":"follow","max-snippet":"max-snippet:-1","max-image-preview":"max-image-preview:large","max-video-preview":"max-video-preview:-1"},"canonical":"https:\/\/rimsa.com\/fr\/politique-de-cookies","og_locale":"fr_FR","og_type":"article","og_title":"Politique de cookies - Rimsa","og_description":"RIMSA METAL TECHNOLOGY, S.L., propri\u00e9taire de ce site Web, utilise ses propres cookies et ceux de tiers \u00e0 des fins diff\u00e9rentes. RIMSA METAL TECHNOLOGY, S.L. recourt \u00e0 l&rsquo;utilisation de cookies afin de respecter les exigences l\u00e9gales \u00e9tablies dans la loi 34\/2002, du 11 juillet, sur les services de la soci\u00e9t\u00e9 de l&rsquo;information et le commerce [&hellip;]","og_url":"https:\/\/rimsa.com\/fr\/politique-de-cookies","og_site_name":"Rimsa","article_modified_time":"2024-06-14T17:35:37+00:00","twitter_card":"summary_large_image","twitter_misc":{"Dur\u00e9e de lecture estim\u00e9e":"6 minutes"},"schema":{"@context":"https:\/\/schema.org","@graph":[{"@type":"WebPage","@id":"https:\/\/rimsa.com\/fr\/politique-de-cookies","url":"https:\/\/rimsa.com\/fr\/politique-de-cookies","name":"Politique de cookies - Rimsa","isPartOf":{"@id":"https:\/\/rimsa.com\/#website"},"datePublished":"2024-02-12T12:03:14+00:00","dateModified":"2024-06-14T17:35:37+00:00","breadcrumb":{"@id":"https:\/\/rimsa.com\/fr\/politique-de-cookies#breadcrumb"},"inLanguage":"fr-FR","potentialAction":[{"@type":"ReadAction","target":["https:\/\/rimsa.com\/fr\/politique-de-cookies"]}]},{"@type":"BreadcrumbList","@id":"https:\/\/rimsa.com\/fr\/politique-de-cookies#breadcrumb","itemListElement":[{"@type":"ListItem","position":1,"name":"Home","item":"https:\/\/rimsa.com\/"},{"@type":"ListItem","position":2,"name":"Politique de cookies"}]},{"@type":"WebSite","@id":"https:\/\/rimsa.com\/#website","url":"https:\/\/rimsa.com\/","name":"Rimsa","description":"","publisher":{"@id":"https:\/\/rimsa.com\/#organization"},"potentialAction":[{"@type":"SearchAction","target":{"@type":"EntryPoint","urlTemplate":"https:\/\/rimsa.com\/?s={search_term_string}"},"query-input":{"@type":"PropertyValueSpecification","valueRequired":true,"valueName":"search_term_string"}}],"inLanguage":"fr-FR"},{"@type":"Organization","@id":"https:\/\/rimsa.com\/#organization","name":"Rimsa","url":"https:\/\/rimsa.com\/","logo":{"@type":"ImageObject","inLanguage":"fr-FR","@id":"https:\/\/rimsa.com\/#\/schema\/logo\/image\/","url":"https:\/\/rimsa.com\/wp-content\/uploads\/2023\/11\/logo.svg","contentUrl":"https:\/\/rimsa.com\/wp-content\/uploads\/2023\/11\/logo.svg","width":161,"height":65,"caption":"Rimsa"},"image":{"@id":"https:\/\/rimsa.com\/#\/schema\/logo\/image\/"}}]}},"_links":{"self":[{"href":"https:\/\/rimsa.com\/fr\/wp-json\/wp\/v2\/pages\/70229","targetHints":{"allow":["GET"]}}],"collection":[{"href":"https:\/\/rimsa.com\/fr\/wp-json\/wp\/v2\/pages"}],"about":[{"href":"https:\/\/rimsa.com\/fr\/wp-json\/wp\/v2\/types\/page"}],"author":[{"embeddable":true,"href":"https:\/\/rimsa.com\/fr\/wp-json\/wp\/v2\/users\/1"}],"replies":[{"embeddable":true,"href":"https:\/\/rimsa.com\/fr\/wp-json\/wp\/v2\/comments?post=70229"}],"version-history":[{"count":4,"href":"https:\/\/rimsa.com\/fr\/wp-json\/wp\/v2\/pages\/70229\/revisions"}],"predecessor-version":[{"id":74687,"href":"https:\/\/rimsa.com\/fr\/wp-json\/wp\/v2\/pages\/70229\/revisions\/74687"}],"wp:attachment":[{"href":"https:\/\/rimsa.com\/fr\/wp-json\/wp\/v2\/media?parent=70229"}],"curies":[{"name":"wp","href":"https:\/\/api.w.org\/{rel}","templated":true}]}}