{"id":70243,"date":"2024-02-12T12:05:12","date_gmt":"2024-02-12T12:05:12","guid":{"rendered":"https:\/\/rimsa.com\/avis-juridique"},"modified":"2024-10-12T08:01:09","modified_gmt":"2024-10-12T08:01:09","slug":"avis-juridique","status":"publish","type":"page","link":"https:\/\/rimsa.com\/fr\/avis-juridique","title":{"rendered":"Avis juridique"},"content":{"rendered":"\t\t<div data-elementor-type=\"wp-page\" data-elementor-id=\"70243\" class=\"elementor elementor-70243 elementor-70221\" data-elementor-settings=\"{&quot;ha_cmc_init_switcher&quot;:&quot;no&quot;}\" data-elementor-post-type=\"page\">\n\t\t\t\t<div class=\"elementor-element elementor-element-0bdc126 e-flex e-con-boxed e-con e-parent\" data-id=\"0bdc126\" data-element_type=\"container\" data-e-type=\"container\" data-settings=\"{&quot;_ha_eqh_enable&quot;:false,&quot;jet_parallax_layout_list&quot;:[]}\">\n\t\t\t\t\t<div class=\"e-con-inner\">\n\t\t<div class=\"elementor-element elementor-element-33f3b9d e-flex e-con-boxed e-con e-child\" data-id=\"33f3b9d\" data-element_type=\"container\" data-e-type=\"container\" data-settings=\"{&quot;background_background&quot;:&quot;classic&quot;,&quot;_ha_eqh_enable&quot;:false,&quot;jet_parallax_layout_list&quot;:[]}\">\n\t\t\t\t\t<div class=\"e-con-inner\">\n\t\t<div class=\"elementor-element elementor-element-0f7a586 e-con-full e-flex e-con e-child\" data-id=\"0f7a586\" data-element_type=\"container\" data-e-type=\"container\" data-settings=\"{&quot;_ha_eqh_enable&quot;:false,&quot;jet_parallax_layout_list&quot;:[]}\">\n\t\t\t\t<div class=\"elementor-element elementor-element-e0ae0fb elementor-widget elementor-widget-heading\" data-id=\"e0ae0fb\" data-element_type=\"widget\" data-e-type=\"widget\" data-widget_type=\"heading.default\">\n\t\t\t\t<div class=\"elementor-widget-container\">\n\t\t\t\t\t<h1 class=\"elementor-heading-title elementor-size-default\">Avis juridique<\/h1>\t\t\t\t<\/div>\n\t\t\t\t<\/div>\n\t\t\t\t<\/div>\n\t\t\t\t\t<\/div>\n\t\t\t\t<\/div>\n\t\t\t\t\t<\/div>\n\t\t\t\t<\/div>\n\t\t<div class=\"elementor-element elementor-element-f24dacb e-flex e-con-boxed e-con e-parent\" data-id=\"f24dacb\" data-element_type=\"container\" data-e-type=\"container\" data-settings=\"{&quot;_ha_eqh_enable&quot;:false,&quot;jet_parallax_layout_list&quot;:[]}\">\n\t\t\t\t\t<div class=\"e-con-inner\">\n\t\t\t\t<div class=\"elementor-element elementor-element-b061f01 elementor-widget elementor-widget-text-editor\" data-id=\"b061f01\" data-element_type=\"widget\" data-e-type=\"widget\" data-widget_type=\"text-editor.default\">\n\t\t\t\t<div class=\"elementor-widget-container\">\n\t\t\t\t\t\t\t\t\t<h3><strong>Informations g\u00e9n\u00e9rales<\/strong><\/h3>\n<p>Prestataire de services : RIMSA METAL TECHNOLOGY, S.L. Si\u00e8ge social : C\/ Armenteres s\/n Pol. Ind.  Matacas, Nave,21, 08980 Sant Feliu de Llobregat (Barcelona) NIF : B-58028291 T\u00e9l\u00e9phone : 936664611 Mail : hello@rimsa.com Inscription : Inscrit au Registre du Commerce de Barcelone, Volume 24.527, Folio 41, Section 8 et page B-75064. Nom de domaine : www.rimsa.com<\/p>\n<p><strong>2. objectif et d\u00e9finitions <\/strong><\/p>\n<p>RIMSA METAL TECHNOLOGY, S.L. (ci-apr\u00e8s le fournisseur), propri\u00e9taire du domaine www.rimsa.com (ci-apr\u00e8s le site web) met \u00e0 la disposition des utilisateurs le pr\u00e9sent document dans le but de respecter les obligations \u00e9tablies par la loi 34\/2002 sur les services de la soci\u00e9t\u00e9 de l&rsquo;information et le commerce \u00e9lectronique (ci-apr\u00e8s LSSI-CE), entre autres r\u00e9glementations en vigueur, et d&rsquo;informer tous les utilisateurs des conditions d&rsquo;utilisation du site web et de la politique de confidentialit\u00e9.<\/p>\n<p>Toute personne acc\u00e9dant \u00e0 ce site Web assume le r\u00f4le d&rsquo;utilisateur et s&rsquo;engage \u00e0 observer et \u00e0 respecter strictement les dispositions de la pr\u00e9sente, ainsi que toute autre disposition l\u00e9gale applicable.<\/p>\n<p>Le fournisseur se r\u00e9serve le droit de modifier tout type d&rsquo;information pouvant figurer sur le site Web, sans obligation de pr\u00e9avis ni d&rsquo;information des utilisateurs, la publication sur le site Web du fournisseur \u00e9tant consid\u00e9r\u00e9e comme suffisante.<\/p>\n<h3><strong>3. Responsabilit\u00e9 <\/strong><\/h3>\n<p>En aucun cas RIMSA METAL TECHNOLOGY, S.L., ses fournisseurs ou les autres tiers mentionn\u00e9s sur ce site web ne seront responsables des dommages de toute nature (y compris, sans limitation, les dommages r\u00e9sultant d&rsquo;une perte de profits, d&rsquo;une perte de donn\u00e9es ou d&rsquo;une interruption d&rsquo;activit\u00e9) r\u00e9sultant de l&rsquo;utilisation, de l&rsquo;impossibilit\u00e9 d&rsquo;utiliser ou des r\u00e9sultats de l&rsquo;utilisation de ce site web, de tout site web li\u00e9 \u00e0 ce site web ou du contenu ou des informations contenues sur un tel site web, que cette responsabilit\u00e9 soit fond\u00e9e sur une garantie, un contrat, un d\u00e9lit, une n\u00e9gligence ou toute autre th\u00e9orie juridique, et qu&rsquo;elle ait \u00e9t\u00e9 ou non inform\u00e9e de la possibilit\u00e9 de tels dommages.<\/p>\n<p>Les informations publi\u00e9es sur ce site web peuvent ne pas \u00eatre exhaustives et peuvent \u00eatre sujettes \u00e0 modification. Le fournisseur n&rsquo;assume aucune obligation de mise \u00e0 jour des informations contenues dans ce site web. Le fournisseur d\u00e9cline toute responsabilit\u00e9 pour les informations publi\u00e9es sur son site web, dans la mesure o\u00f9 ces informations ont \u00e9t\u00e9 manipul\u00e9es ou introduites par un tiers ext\u00e9rieur \u00e0 lui. \u00c0 partir du site web du fournisseur, il est possible que vous soyez redirig\u00e9 vers le contenu de sites web de tiers et, \u00e9tant donn\u00e9 que le fournisseur ne peut pas toujours contr\u00f4ler le contenu affich\u00e9 par des tiers sur leurs sites web, le fournisseur n&rsquo;assume aucune responsabilit\u00e9 pour ce contenu.   <\/p>\n<p>Toutefois, conform\u00e9ment aux dispositions des articles 11 et 16 de la LSSI-CE, le fournisseur est \u00e0 la disposition de tous les utilisateurs, des autorit\u00e9s et des forces de s\u00e9curit\u00e9, et collabore activement au retrait ou au blocage de tout contenu susceptible d&rsquo;affecter ou de contrevenir \u00e0 la l\u00e9gislation nationale ou internationale, aux droits des tiers ou \u00e0 la morale et \u00e0 l&rsquo;ordre public. Si l&rsquo;utilisateur consid\u00e8re qu&rsquo;il existe sur le site Web un contenu susceptible d&rsquo;\u00eatre class\u00e9 dans cette cat\u00e9gorie, il est pri\u00e9 d&rsquo;en informer imm\u00e9diatement le fournisseur en utilisant les coordonn\u00e9es indiqu\u00e9es dans l&rsquo;en-t\u00eate du pr\u00e9sent document. <\/p>\n<h3><strong>4. Propri\u00e9t\u00e9 intellectuelle et industrielle <\/strong><\/h3>\n<p>Le site web, y compris, mais sans s&rsquo;y limiter, sa programmation, son \u00e9dition, sa compilation et les autres \u00e9l\u00e9ments n\u00e9cessaires \u00e0 son fonctionnement, les conceptions, les logos, les textes et\/ou les graphiques sont la propri\u00e9t\u00e9 du fournisseur ou, le cas \u00e9ch\u00e9ant, font l&rsquo;objet d&rsquo;une licence ou d&rsquo;une autorisation expresse de la part des auteurs. Tous les contenus du site Web sont d\u00fbment prot\u00e9g\u00e9s par la r\u00e9glementation en mati\u00e8re de propri\u00e9t\u00e9 intellectuelle et industrielle, et sont inscrits dans les registres publics correspondants. <\/p>\n<p>La reproduction, l&rsquo;utilisation, l&rsquo;exploitation, la distribution et la commercialisation, totales ou partielles, requi\u00e8rent dans tous les cas l&rsquo;autorisation \u00e9crite pr\u00e9alable du fournisseur. Toute utilisation non autoris\u00e9e au pr\u00e9alable par le prestataire sera consid\u00e9r\u00e9e comme une violation grave des droits de propri\u00e9t\u00e9 intellectuelle ou industrielle de l&rsquo;auteur. <\/p>\n<p>Les dessins, logos, textes et\/ou graphiques qui n&rsquo;appartiennent pas au prestataire et qui peuvent appara\u00eetre sur le site web appartiennent \u00e0 leurs propri\u00e9taires respectifs, qui sont eux-m\u00eames responsables de toute controverse \u00e9ventuelle \u00e0 ce sujet. Dans tous les cas, le prestataire a l&rsquo;autorisation expresse et pr\u00e9alable des propri\u00e9taires. <\/p>\n<p>Le prestataire reconna\u00eet \u00e0 leurs propri\u00e9taires les droits de propri\u00e9t\u00e9 industrielle et intellectuelle correspondants, et leur simple mention ou apparition sur le site web n&rsquo;implique pas l&rsquo;existence d&rsquo;un quelconque droit ou responsabilit\u00e9 du prestataire \u00e0 leur \u00e9gard, ni d&rsquo;un quelconque aval, patrimoine ou responsabilit\u00e9 du prestataire \u00e0 leur \u00e9gard, ni l&rsquo;existence d&rsquo;un quelconque autre droit ou responsabilit\u00e9 du prestataire \u00e0 leur \u00e9gard.<\/p>\n<p>Pour faire des commentaires sur d&rsquo;\u00e9ventuelles violations des droits de propri\u00e9t\u00e9 intellectuelle ou industrielle, ainsi que sur n&rsquo;importe quel contenu du site Web, vous pouvez le faire en utilisant les coordonn\u00e9es indiqu\u00e9es dans l&rsquo;en-t\u00eate de ce document.<\/p>\n<h3><strong>5. Fonctionnalit\u00e9 du site web<\/strong><\/h3>\n<p>Le site web du fournisseur peut utiliser des cookies (petits fichiers d&rsquo;information que le serveur envoie \u00e0 l&rsquo;ordinateur de la personne qui acc\u00e8de \u00e0 la page) pour r\u00e9aliser certaines fonctions consid\u00e9r\u00e9es comme essentielles au bon fonctionnement et \u00e0 la visualisation du site. L&rsquo;utilisateur accepte l&rsquo;utilisation des cookies et de l&rsquo;IP tracking. L&rsquo;analyseur de trafic de notre site utilise des cookies et l&rsquo;IP tracking qui nous permettent de collecter des donn\u00e9es \u00e0 des fins statistiques telles que : la date de la premi\u00e8re visite, le nombre de fois visit\u00e9es, la date de la derni\u00e8re visite, l&rsquo;URL et le domaine d&rsquo;o\u00f9 elle provient, le navigateur utilis\u00e9 et la r\u00e9solution de l&rsquo;\u00e9cran. L&rsquo;utilisateur peut toutefois d\u00e9sactiver et\/ou supprimer ces cookies en suivant les instructions de son navigateur Internet.   <\/p>\n<p>Ce site web a \u00e9t\u00e9 v\u00e9rifi\u00e9 et test\u00e9 pour s&rsquo;assurer qu&rsquo;il fonctionne correctement. En principe, son bon fonctionnement peut \u00eatre garanti 365 jours par an et 24 heures par jour. Toutefois, le fournisseur n&rsquo;exclut pas la possibilit\u00e9 de l&rsquo;existence de certaines erreurs de programmation, ou la survenance de cas de force majeure, de catastrophes naturelles, de gr\u00e8ves ou de circonstances similaires qui rendent impossible l&rsquo;acc\u00e8s au site web.  <\/p>\n<p>L&rsquo;utilisateur garantit qu&rsquo;il n&rsquo;acc\u00e8dera pas \u00e0 ce site web et qu&rsquo;il n&rsquo;interf\u00e9rera pas avec lui au moyen de robots logiciels, d&rsquo;araign\u00e9es, de routines ou de tout autre syst\u00e8me automatique ou semi-automatique pour surveiller, copier ou t\u00e9l\u00e9charger son contenu \u00e0 d&rsquo;autres fins non autoris\u00e9es.<\/p>\n<p>Le fournisseur n&rsquo;utilise pas de techniques de spamming et traitera uniquement les donn\u00e9es que l&rsquo;utilisateur transmet par le biais du formulaire \u00e9lectronique fourni sur ce site Web ou de messages \u00e9lectroniques.<\/p>\n<h3><strong>6. Politique de confidentialit\u00e9 <\/strong><\/h3>\n<p>Conform\u00e9ment au r\u00e8glement (UE) 679\/2016 R\u00e8glement g\u00e9n\u00e9ral sur la protection des donn\u00e9es et \u00e0 la loi organique 3\/2018 sur la protection des donn\u00e9es personnelles et la garantie des droits num\u00e9riques, nous vous informons que RIMSA METAL TECHNOLOGY, S.L. a adopt\u00e9 toutes les mesures techniques et organisationnelles dans le but de prot\u00e9ger les donn\u00e9es personnelles.<\/p>\n<p>Les utilisateurs peuvent exercer leurs droits d&rsquo;acc\u00e8s, de rectification, de suppression, de limitation, de portabilit\u00e9 et\/ou d&rsquo;opposition en envoyant une lettre \u00e0 l&rsquo;adresse de l&rsquo;entreprise, Pol. Ind. Matac\u00e1s, Nave 21 08980 Sant Feliu de Llobregat (Barcelone) ou \u00e0 l&rsquo;adresse \u00e9lectronique <a href=\"\">hello@rimsa.com.<\/a>  <\/p>\n<p>Pour de plus amples informations concernant la protection des donn\u00e9es, RIMSA METAL TECHNOLOGY, S.L. dispose d&rsquo;une politique de confidentialit\u00e9 qui peut \u00eatre consult\u00e9e sur <b>https:\/\/rimsa.com\/fr\/politique-de-confidentialite<\/b>. <\/p>\n<h3><strong>7. Droit applicable et juridiction <\/strong><\/h3>\n<p>Les pr\u00e9sentes conditions sont r\u00e9gies et interpr\u00e9t\u00e9es conform\u00e9ment au droit espagnol. Pour la r\u00e9solution de tous les litiges ou questions li\u00e9s \u00e0 ce site Web ou aux activit\u00e9s qui y sont men\u00e9es, la l\u00e9gislation espagnole sera applicable, \u00e0 laquelle les parties se soumettent express\u00e9ment, et les cours et tribunaux de Barcelone seront comp\u00e9tents pour la r\u00e9solution de tous les conflits d\u00e9coulant de son utilisation ou li\u00e9s \u00e0 celle-ci. Toutefois, en cas de conflit, les parties doivent d&rsquo;abord tenter de r\u00e9soudre le probl\u00e8me par accord mutuel.  <\/p>\t\t\t\t\t\t\t\t<\/div>\n\t\t\t\t<\/div>\n\t\t\t\t\t<\/div>\n\t\t\t\t<\/div>\n\t\t\t\t<\/div>\n\t\t","protected":false},"excerpt":{"rendered":"<p>Informations g\u00e9n\u00e9rales Prestataire de services : RIMSA METAL TECHNOLOGY, S.L. Si\u00e8ge social : C\/ Armenteres s\/n Pol. Ind. Matacas, Nave,21, 08980 Sant Feliu de Llobregat (Barcelona) NIF : B-58028291 T\u00e9l\u00e9phone : 936664611 Mail : hello@rimsa.com Inscription : Inscrit au Registre du Commerce de Barcelone, Volume 24.527, Folio 41, Section 8 et page B-75064. Nom de [&hellip;]<\/p>\n","protected":false},"author":1,"featured_media":0,"parent":0,"menu_order":0,"comment_status":"closed","ping_status":"closed","template":"","meta":{"footnotes":""},"class_list":["post-70243","page","type-page","status-publish","hentry"],"yoast_head":"<!-- This site is optimized with the Yoast SEO plugin v26.6 - https:\/\/yoast.com\/wordpress\/plugins\/seo\/ -->\n<title>Avis juridique - Rimsa<\/title>\n<meta name=\"robots\" content=\"index, follow, max-snippet:-1, max-image-preview:large, max-video-preview:-1\" \/>\n<link rel=\"canonical\" href=\"https:\/\/rimsa.com\/fr\/avis-juridique\" \/>\n<meta property=\"og:locale\" content=\"fr_FR\" \/>\n<meta property=\"og:type\" content=\"article\" \/>\n<meta property=\"og:title\" content=\"Avis juridique - Rimsa\" \/>\n<meta property=\"og:description\" content=\"Informations g\u00e9n\u00e9rales Prestataire de services : RIMSA METAL TECHNOLOGY, S.L. Si\u00e8ge social : C\/ Armenteres s\/n Pol. Ind. Matacas, Nave,21, 08980 Sant Feliu de Llobregat (Barcelona) NIF : B-58028291 T\u00e9l\u00e9phone : 936664611 Mail : hello@rimsa.com Inscription : Inscrit au Registre du Commerce de Barcelone, Volume 24.527, Folio 41, Section 8 et page B-75064. Nom de [&hellip;]\" \/>\n<meta property=\"og:url\" content=\"https:\/\/rimsa.com\/fr\/avis-juridique\" \/>\n<meta property=\"og:site_name\" content=\"Rimsa\" \/>\n<meta property=\"article:modified_time\" content=\"2024-10-12T08:01:09+00:00\" \/>\n<meta name=\"twitter:card\" content=\"summary_large_image\" \/>\n<meta name=\"twitter:label1\" content=\"Dur\u00e9e de lecture estim\u00e9e\" \/>\n\t<meta name=\"twitter:data1\" content=\"7 minutes\" \/>\n<script type=\"application\/ld+json\" class=\"yoast-schema-graph\">{\"@context\":\"https:\/\/schema.org\",\"@graph\":[{\"@type\":\"WebPage\",\"@id\":\"https:\/\/rimsa.com\/es\/aviso-legal\",\"url\":\"https:\/\/rimsa.com\/fr\/avis-juridique\",\"name\":\"Avis juridique - Rimsa\",\"isPartOf\":{\"@id\":\"https:\/\/rimsa.com\/#website\"},\"datePublished\":\"2024-02-12T12:05:12+00:00\",\"dateModified\":\"2024-10-12T08:01:09+00:00\",\"breadcrumb\":{\"@id\":\"https:\/\/rimsa.com\/fr\/avis-juridique#breadcrumb\"},\"inLanguage\":\"fr-FR\",\"potentialAction\":[{\"@type\":\"ReadAction\",\"target\":[\"https:\/\/rimsa.com\/fr\/avis-juridique\"]}]},{\"@type\":\"BreadcrumbList\",\"@id\":\"https:\/\/rimsa.com\/fr\/avis-juridique#breadcrumb\",\"itemListElement\":[{\"@type\":\"ListItem\",\"position\":1,\"name\":\"Home\",\"item\":\"https:\/\/rimsa.com\/\"},{\"@type\":\"ListItem\",\"position\":2,\"name\":\"Avis juridique\"}]},{\"@type\":\"WebSite\",\"@id\":\"https:\/\/rimsa.com\/#website\",\"url\":\"https:\/\/rimsa.com\/\",\"name\":\"Rimsa\",\"description\":\"\",\"publisher\":{\"@id\":\"https:\/\/rimsa.com\/#organization\"},\"potentialAction\":[{\"@type\":\"SearchAction\",\"target\":{\"@type\":\"EntryPoint\",\"urlTemplate\":\"https:\/\/rimsa.com\/?s={search_term_string}\"},\"query-input\":{\"@type\":\"PropertyValueSpecification\",\"valueRequired\":true,\"valueName\":\"search_term_string\"}}],\"inLanguage\":\"fr-FR\"},{\"@type\":\"Organization\",\"@id\":\"https:\/\/rimsa.com\/#organization\",\"name\":\"Rimsa\",\"url\":\"https:\/\/rimsa.com\/\",\"logo\":{\"@type\":\"ImageObject\",\"inLanguage\":\"fr-FR\",\"@id\":\"https:\/\/rimsa.com\/#\/schema\/logo\/image\/\",\"url\":\"https:\/\/rimsa.com\/wp-content\/uploads\/2023\/11\/logo.svg\",\"contentUrl\":\"https:\/\/rimsa.com\/wp-content\/uploads\/2023\/11\/logo.svg\",\"width\":161,\"height\":65,\"caption\":\"Rimsa\"},\"image\":{\"@id\":\"https:\/\/rimsa.com\/#\/schema\/logo\/image\/\"}}]}<\/script>\n<!-- \/ Yoast SEO plugin. -->","yoast_head_json":{"title":"Avis juridique - Rimsa","robots":{"index":"index","follow":"follow","max-snippet":"max-snippet:-1","max-image-preview":"max-image-preview:large","max-video-preview":"max-video-preview:-1"},"canonical":"https:\/\/rimsa.com\/fr\/avis-juridique","og_locale":"fr_FR","og_type":"article","og_title":"Avis juridique - Rimsa","og_description":"Informations g\u00e9n\u00e9rales Prestataire de services : RIMSA METAL TECHNOLOGY, S.L. Si\u00e8ge social : C\/ Armenteres s\/n Pol. Ind. Matacas, Nave,21, 08980 Sant Feliu de Llobregat (Barcelona) NIF : B-58028291 T\u00e9l\u00e9phone : 936664611 Mail : hello@rimsa.com Inscription : Inscrit au Registre du Commerce de Barcelone, Volume 24.527, Folio 41, Section 8 et page B-75064. Nom de [&hellip;]","og_url":"https:\/\/rimsa.com\/fr\/avis-juridique","og_site_name":"Rimsa","article_modified_time":"2024-10-12T08:01:09+00:00","twitter_card":"summary_large_image","twitter_misc":{"Dur\u00e9e de lecture estim\u00e9e":"7 minutes"},"schema":{"@context":"https:\/\/schema.org","@graph":[{"@type":"WebPage","@id":"https:\/\/rimsa.com\/es\/aviso-legal","url":"https:\/\/rimsa.com\/fr\/avis-juridique","name":"Avis juridique - Rimsa","isPartOf":{"@id":"https:\/\/rimsa.com\/#website"},"datePublished":"2024-02-12T12:05:12+00:00","dateModified":"2024-10-12T08:01:09+00:00","breadcrumb":{"@id":"https:\/\/rimsa.com\/fr\/avis-juridique#breadcrumb"},"inLanguage":"fr-FR","potentialAction":[{"@type":"ReadAction","target":["https:\/\/rimsa.com\/fr\/avis-juridique"]}]},{"@type":"BreadcrumbList","@id":"https:\/\/rimsa.com\/fr\/avis-juridique#breadcrumb","itemListElement":[{"@type":"ListItem","position":1,"name":"Home","item":"https:\/\/rimsa.com\/"},{"@type":"ListItem","position":2,"name":"Avis juridique"}]},{"@type":"WebSite","@id":"https:\/\/rimsa.com\/#website","url":"https:\/\/rimsa.com\/","name":"Rimsa","description":"","publisher":{"@id":"https:\/\/rimsa.com\/#organization"},"potentialAction":[{"@type":"SearchAction","target":{"@type":"EntryPoint","urlTemplate":"https:\/\/rimsa.com\/?s={search_term_string}"},"query-input":{"@type":"PropertyValueSpecification","valueRequired":true,"valueName":"search_term_string"}}],"inLanguage":"fr-FR"},{"@type":"Organization","@id":"https:\/\/rimsa.com\/#organization","name":"Rimsa","url":"https:\/\/rimsa.com\/","logo":{"@type":"ImageObject","inLanguage":"fr-FR","@id":"https:\/\/rimsa.com\/#\/schema\/logo\/image\/","url":"https:\/\/rimsa.com\/wp-content\/uploads\/2023\/11\/logo.svg","contentUrl":"https:\/\/rimsa.com\/wp-content\/uploads\/2023\/11\/logo.svg","width":161,"height":65,"caption":"Rimsa"},"image":{"@id":"https:\/\/rimsa.com\/#\/schema\/logo\/image\/"}}]}},"_links":{"self":[{"href":"https:\/\/rimsa.com\/fr\/wp-json\/wp\/v2\/pages\/70243","targetHints":{"allow":["GET"]}}],"collection":[{"href":"https:\/\/rimsa.com\/fr\/wp-json\/wp\/v2\/pages"}],"about":[{"href":"https:\/\/rimsa.com\/fr\/wp-json\/wp\/v2\/types\/page"}],"author":[{"embeddable":true,"href":"https:\/\/rimsa.com\/fr\/wp-json\/wp\/v2\/users\/1"}],"replies":[{"embeddable":true,"href":"https:\/\/rimsa.com\/fr\/wp-json\/wp\/v2\/comments?post=70243"}],"version-history":[{"count":5,"href":"https:\/\/rimsa.com\/fr\/wp-json\/wp\/v2\/pages\/70243\/revisions"}],"predecessor-version":[{"id":75999,"href":"https:\/\/rimsa.com\/fr\/wp-json\/wp\/v2\/pages\/70243\/revisions\/75999"}],"wp:attachment":[{"href":"https:\/\/rimsa.com\/fr\/wp-json\/wp\/v2\/media?parent=70243"}],"curies":[{"name":"wp","href":"https:\/\/api.w.org\/{rel}","templated":true}]}}