{"id":70247,"date":"2024-02-12T11:08:35","date_gmt":"2024-02-12T11:08:35","guid":{"rendered":"https:\/\/rimsa.com\/politique-de-confidentialite"},"modified":"2024-06-14T17:50:53","modified_gmt":"2024-06-14T17:50:53","slug":"politique-de-confidentialite","status":"publish","type":"page","link":"https:\/\/rimsa.com\/fr\/politique-de-confidentialite","title":{"rendered":"Politique de confidentialit\u00e9"},"content":{"rendered":"\t\t<div data-elementor-type=\"wp-page\" data-elementor-id=\"70247\" class=\"elementor elementor-70247 elementor-70194\" data-elementor-settings=\"{&quot;ha_cmc_init_switcher&quot;:&quot;no&quot;}\" data-elementor-post-type=\"page\">\n\t\t\t\t<div class=\"elementor-element elementor-element-7f34ff8 e-flex e-con-boxed e-con e-parent\" data-id=\"7f34ff8\" data-element_type=\"container\" data-e-type=\"container\" data-settings=\"{&quot;_ha_eqh_enable&quot;:false,&quot;jet_parallax_layout_list&quot;:[]}\">\n\t\t\t\t\t<div class=\"e-con-inner\">\n\t\t<div class=\"elementor-element elementor-element-91b5548 e-flex e-con-boxed e-con e-child\" data-id=\"91b5548\" data-element_type=\"container\" data-e-type=\"container\" data-settings=\"{&quot;background_background&quot;:&quot;classic&quot;,&quot;_ha_eqh_enable&quot;:false,&quot;jet_parallax_layout_list&quot;:[]}\">\n\t\t\t\t\t<div class=\"e-con-inner\">\n\t\t<div class=\"elementor-element elementor-element-2df6558 e-con-full e-flex e-con e-child\" data-id=\"2df6558\" data-element_type=\"container\" data-e-type=\"container\" data-settings=\"{&quot;_ha_eqh_enable&quot;:false,&quot;jet_parallax_layout_list&quot;:[]}\">\n\t\t\t\t<div class=\"elementor-element elementor-element-1fc99f4 elementor-widget elementor-widget-heading\" data-id=\"1fc99f4\" data-element_type=\"widget\" data-e-type=\"widget\" data-widget_type=\"heading.default\">\n\t\t\t\t<div class=\"elementor-widget-container\">\n\t\t\t\t\t<h1 class=\"elementor-heading-title elementor-size-default\">Politique de confidentialit\u00e9<\/h1>\t\t\t\t<\/div>\n\t\t\t\t<\/div>\n\t\t\t\t<\/div>\n\t\t\t\t\t<\/div>\n\t\t\t\t<\/div>\n\t\t\t\t\t<\/div>\n\t\t\t\t<\/div>\n\t\t<div class=\"elementor-element elementor-element-7fec5d1c e-flex e-con-boxed e-con e-parent\" data-id=\"7fec5d1c\" data-element_type=\"container\" data-e-type=\"container\" data-settings=\"{&quot;_ha_eqh_enable&quot;:false,&quot;jet_parallax_layout_list&quot;:[]}\">\n\t\t\t\t\t<div class=\"e-con-inner\">\n\t\t\t\t<div class=\"elementor-element elementor-element-3d416867 elementor-widget elementor-widget-text-editor\" data-id=\"3d416867\" data-element_type=\"widget\" data-e-type=\"widget\" data-widget_type=\"text-editor.default\">\n\t\t\t\t<div class=\"elementor-widget-container\">\n\t\t\t\t\t\t\t\t\t<figure class=\"wp-block-table\">\n<table>\n<tbody>\n<tr>\n<td colspan=\"2\"><strong>INFORMATIONS DE BASE SUR LA PROTECTION DES DONN\u00c9ES <\/strong><\/td>\n<\/tr>\n<tr>\n<td><strong><em>Responsable<\/em><\/strong><\/td>\n<td>RIMSA METAL TECHNOLOGY, S.L<\/td>\n<\/tr>\n<tr>\n<td><strong><em>Objectif<\/em><\/strong><\/td>\n<td>Le traitement des diff\u00e9rents types de demandes de l&rsquo;utilisateur<\/td>\n<\/tr>\n<tr>\n<td><strong><em>L\u00e9gitimation<\/em><\/strong><\/td>\n<td>Consentement de la personne concern\u00e9e.<\/td>\n<\/tr>\n<tr>\n<td><strong><em>Destinataires<\/em><\/strong><\/td>\n<td>Autres soci\u00e9t\u00e9s du groupe. Sous-traitants \u00e0 l&rsquo;int\u00e9rieur ou \u00e0 l&rsquo;ext\u00e9rieur de l&rsquo;UE, dans le cadre du PrivacyShield.\u201d <\/td>\n<\/tr>\n<tr>\n<td><strong><em>Droits de l&rsquo;homme<\/em><\/strong><\/td>\n<td>Acc\u00e8s, rectification, suppression, portabilit\u00e9, limitation et objection<\/td>\n<\/tr>\n<tr>\n<td><strong><em>Informations compl\u00e9mentaires<\/em><\/strong><\/td>\n<td> Des informations suppl\u00e9mentaires et d\u00e9taill\u00e9es sur la protection des donn\u00e9es sont disponibles sur notre site web : www.rimsa.com\/politicadeprivacidad.<\/td>\n<\/tr>\n<\/tbody>\n<\/table>\n<\/figure>\n<h3><strong>2. INFORMATIONS COMPL\u00c9MENTAIRES<\/strong> <\/h3>\n<p>La pr\u00e9sente politique de protection des donn\u00e9es r\u00e9git le traitement des donn\u00e9es personnelles fournies par l&rsquo;utilisateur \u00e0 travers le portail Internet (ci-apr\u00e8s, le \u00ab\u00a0portail\u00a0\u00bb) que RIMSA METAL TECHNOLOGY, S.L. met \u00e0 la disposition des utilisateurs d&rsquo;Internet. La pr\u00e9sente politique fait partie int\u00e9grante du <a href=\"https:\/\/home.kpmg.com\/es\/es\/home\/misc\/aviso-legal.html\">Avis juridique<\/a> accessible \u00e0 tout moment depuis le portail.<\/p>\n<p>L&rsquo;utilisateur garantit que les donn\u00e9es fournies sont vraies, exactes, compl\u00e8tes et \u00e0 jour, et sera responsable de tout dommage ou pr\u00e9judice direct ou indirect pouvant r\u00e9sulter du non-respect de cette obligation. Dans le cas o\u00f9 les donn\u00e9es fournies appartiennent \u00e0 un tiers, l&rsquo;utilisateur garantit qu&rsquo;il a inform\u00e9 ledit tiers des aspects contenus dans le pr\u00e9sent document et qu&rsquo;il a obtenu son autorisation pour fournir ses donn\u00e9es \u00e0 RIMSA METAL TECHNOLOGY, S.L. aux fins susmentionn\u00e9es.<\/p>\n<p>Le Portail peut offrir des fonctionnalit\u00e9s de partage de contenu via des applications tierces, telles que Facebook, Linkedin, Twitter, Youtube, Instagram et Google Plus. Ces applications peuvent collecter et traiter des informations li\u00e9es \u00e0 la navigation de l&rsquo;utilisateur sur les diff\u00e9rents sites web. Toute information personnelle collect\u00e9e par le biais de ces applications peut \u00eatre utilis\u00e9e par des utilisateurs tiers de ces applications, et leurs interactions sont soumises aux politiques de confidentialit\u00e9 des entreprises fournissant les applications.  <\/p>\n<p>Le portail peut h\u00e9berger des blogs, des forums et d&rsquo;autres applications ou services de r\u00e9seaux sociaux afin de faciliter l&rsquo;\u00e9change de connaissances et de contenus. Toute information personnelle fournie par l&rsquo;utilisateur peut \u00eatre partag\u00e9e avec d&rsquo;autres utilisateurs de ce service, sur lesquels RIMSA METAL TECHNOLOGY, S.L. n&rsquo;a aucun contr\u00f4le.<\/p>\n<p>Afin d&rsquo;offrir des informations ou des services int\u00e9ressants en fonction de la localisation de l&rsquo;utilisateur, RIMSA METAL TECHNOLOGY, S.L. peut acc\u00e9der aux donn\u00e9es relatives \u00e0 la g\u00e9olocalisation du dispositif de l&rsquo;utilisateur, dans les cas o\u00f9 la configuration de l&rsquo;utilisateur le permet.<\/p>\n<p>\u00c0 des fins de s\u00e9curit\u00e9 technique et de diagnostic du syst\u00e8me, sous une forme anonyme ou agr\u00e9g\u00e9e, RIMSA METAL TECHNOLOGY, S.L. peut enregistrer l&rsquo;adresse IP (num\u00e9ro d&rsquo;identification d&rsquo;acc\u00e8s \u00e0 Internet de l&rsquo;appareil, qui permet aux appareils, syst\u00e8mes et serveurs de se reconna\u00eetre et de communiquer entre eux). Ces informations peuvent \u00e9galement \u00eatre utilis\u00e9es \u00e0 des fins d&rsquo;analyse des performances du web.<\/p>\n<h3><strong>2.1. QUI EST RESPONSABLE DU TRAITEMENT DES DONN\u00c9ES PERSONNELLES DE L&rsquo;UTILISATEUR ?<\/strong><\/h3>\n<p><strong>Identity:<\/strong> RIMSA METAL TECHNOLOGY, S.L est une soci\u00e9t\u00e9 espagnole inscrite au registre du commerce de Barcelone, volume 24.527, folio 41, section 8, page B-75064 et CIF B-58028291.<\/p>\n<p><strong>Adresse postale:<\/strong> C\/ Armenteres s\/n Pol. Ind. Matacas, Nave,21, 08980,Sant Feliu de Llobregat (Barcelona).  <\/p>\n<p><strong>T\u00e9l\u00e9phone:<\/strong>936664611<\/p>\n<p><strong>Adresse \u00e9lectronique:<\/strong>hello@rimsa.com<\/p>\n<h3><strong>2.2.1. QUEL TYPE DE DONN\u00c9ES UTILISATEUR TRAITONS-NOUS ? <\/strong><\/h3>\n<p>RIMSA METAL TECHNOLOGY, S.L. traite les donn\u00e9es des utilisateurs suivantes :<\/p>\n<ul>\n<li style=\"list-style-type: none;\"> <\/li>\n<\/ul>\n<ul>\n<li style=\"list-style-type: none;\">\n<ul>\n<li>Donn\u00e9es d&rsquo;identification<\/li>\n<\/ul>\n<\/li>\n<\/ul>\n<ul>\n<li style=\"list-style-type: none;\">\n<ul>\n<li>Adresse \u00e9lectronique<\/li>\n<\/ul>\n<\/li>\n<\/ul>\n<ul>\n<li style=\"list-style-type: none;\">\n<ul>\n<li>CV<\/li>\n<\/ul>\n<\/li>\n<\/ul>\n<h3><strong>2.2.2.2. DANS QUEL BUT TRAITONS-NOUS LES DONN\u00c9ES PERSONNELLES DE L&rsquo;UTILISATEUR ?<\/strong><\/h3>\n<p>RIMSA METAL TECHNOLOGY, S.L. traite les informations fournies par l&rsquo;utilisateur afin de traiter les demandes de diff\u00e9rentes natures formul\u00e9es par l&rsquo;utilisateur. En fonction de la nature de la demande, l&rsquo;objectif sera la gestion de : <\/p>\n<p>Les demandes de renseignements et les demandes de propositions (DP) soumises par l&rsquo;interm\u00e9diaire du formulaire de contact pr\u00e9vu \u00e0 cet effet.<\/p>\n<ul>\n<li style=\"list-style-type: none;\"> <\/li>\n<\/ul>\n<ul>\n<li style=\"list-style-type: none;\">\n<ul>\n<li>Enregistrement en tant que nouvel utilisateur de RIMSA METAL TECHNOLOGY, S.L.<\/li>\n<\/ul>\n<\/li>\n<\/ul>\n<ul>\n<li style=\"list-style-type: none;\">\n<ul>\n<li>Les CV et lettres de motivation soumis par le biais du portail, en particulier dans la section \u00ab\u00a0Talents\/emplois\u00a0\u00bb.<\/li>\n<\/ul>\n<\/li>\n<\/ul>\n<ul>\n<li style=\"list-style-type: none;\">\n<ul>\n<li>Participation \u00e0 des r\u00e9seaux sociaux tels que Facebook, Youtube, Instagram, Linkedin, Twitter et Google Plus.<\/li>\n<\/ul>\n<\/li>\n<\/ul>\n<ul>\n<li style=\"list-style-type: none;\">\n<ul>\n<li>Participation aux blogs, par le biais de commentaires.<\/li>\n<\/ul>\n<\/li>\n<\/ul>\n<ul>\n<li style=\"list-style-type: none;\">\n<ul>\n<li>Communications \u00e9lectroniques \u00e0 caract\u00e8re informatif, en fonction de leurs int\u00e9r\u00eats.<\/li>\n<\/ul>\n<\/li>\n<\/ul>\n<p>RIMSA METAL TECHNOLOGY, S.L. peut \u00e9tablir un profil commercial sur la base des informations fournies. Aucune d\u00e9cision automatis\u00e9e ne sera prise sur la base de ce profil. <\/p>\n<p>Dans le cas o\u00f9 l&rsquo;utilisateur s&rsquo;inscrit sur le portail par le biais du login social, RIMSA METAL TECHNOLOGY, S.L. n&rsquo;acc\u00e8dera qu&rsquo;aux donn\u00e9es personnelles de l&rsquo;utilisateur pour lesquelles il a donn\u00e9 son consentement lors de la configuration de l&rsquo;acc\u00e8s au r\u00e9seau social en question. Toute information fournie dans le cadre de ces applications sociales peut \u00eatre consult\u00e9e par les membres du r\u00e9seau social correspondant, ces interactions \u00e9tant r\u00e9gies par les politiques de confidentialit\u00e9 des entit\u00e9s fournissant les services. RIMSA METAL TECHNOLOGY, S.L. n&rsquo;a aucun contr\u00f4le ni responsabilit\u00e9 sur ces entit\u00e9s ni sur l&rsquo;utilisation qu&rsquo;elles font des informations de l&rsquo;utilisateur.  <\/p>\n<h3><strong>2.2.1. DES INFORMATIONS SUR LE TRAITEMENT DES DONN\u00c9ES POUR L&rsquo;ENVOI DE COMMUNICATIONS DE LA PART DE RIMSA METAL TECHNOLOGY, S.L. <\/strong> <\/h3>\n<p>Les donn\u00e9es utilis\u00e9es ou fournies dans les communications informatives et\/ou promotionnelles sont trait\u00e9es par RIMSA METAL TECHNOLOGY, S.L. pour l&rsquo;envoi \u00e9lectronique d&rsquo;informations et de communications sur les services, les activit\u00e9s, les publications et les \u00e9v\u00e9nements et les professionnels de RIMSA METAL TECHNOLOGY, S.L. ou pour le suivi et l&rsquo;optimisation des campagnes de marketing r\u00e9alis\u00e9es \u00e0 l&rsquo;aide des technologies pr\u00e9vues \u00e0 cet effet ; et pour la cr\u00e9ation de profils \u00e0 des fins commerciales.<\/p>\n<p>Le consentement \u00e0 l&rsquo;envoi de ces communications peut \u00eatre r\u00e9voqu\u00e9 \u00e0 tout moment dans chacune des communications re\u00e7ues au moyen du m\u00e9canisme pr\u00e9vu \u00e0 cet effet.<\/p>\n<p>Le crit\u00e8re de conservation des donn\u00e9es sera bas\u00e9 sur la manifestation d&rsquo;une opposition de votre part au traitement. En tout \u00e9tat de cause, vous pouvez exercer vos droits d&rsquo;acc\u00e8s, de rectification, de limitation, d&rsquo;effacement, de portabilit\u00e9 et d&rsquo;opposition en adressant votre demande \u00e0 l&rsquo;adresse postale indiqu\u00e9e ci-dessus ou par courrier \u00e9lectronique \u00e0 hello@rimsa.com. <\/p>\n<h3><strong>2.3. COMBIEN DE TEMPS CONSERVERONS-NOUS VOS DONN\u00c9ES PERSONNELLES ? <\/strong><\/h3>\n<p>En g\u00e9n\u00e9ral, les donn\u00e9es personnelles fournies seront conserv\u00e9es pendant le temps n\u00e9cessaire pour r\u00e9pondre \u00e0 la demande de l&rsquo;utilisateur ou tant que l&rsquo;utilisateur ne demande pas leur suppression. Dans le cas particulier des programmes d&rsquo;\u00e9tudes, les donn\u00e9es seront conserv\u00e9es pendant une p\u00e9riode maximale de trois ans, sauf indication contraire de l&rsquo;int\u00e9ress\u00e9. <\/p>\n<h3><strong>2.4. QUELLE EST LA L\u00c9GITIMIT\u00c9 DU TRAITEMENT DES DONN\u00c9ES PERSONNELLES DE L&rsquo;UTILISATEUR ? <\/strong><\/h3>\n<p> La base juridique du traitement des donn\u00e9es est la l\u00e9gitimation par le consentement de l&rsquo;utilisateur.<\/p>\n<h3><strong>2.5. \u00c0 QUELS DESTINATAIRES LES DONN\u00c9ES PERSONNELLES DE L&rsquo;UTILISATEUR SERONT-ELLES COMMUNIQU\u00c9ES ? <\/strong><\/h3>\n<p>Dans les cas o\u00f9 l&rsquo;utilisateur demande, par l&rsquo;interm\u00e9diaire du site web, des propositions de services ou envoie des programmes d&rsquo;\u00e9tudes, ses donn\u00e9es seront communiqu\u00e9es aux responsables du traitement des donn\u00e9es chaque fois que cela sera n\u00e9cessaire pour le traitement.<\/p>\n<p>De m\u00eame, les donn\u00e9es peuvent \u00eatre transf\u00e9r\u00e9es \u00e0 des administrations publiques et \u00e0 des organisations pour l&rsquo;ex\u00e9cution d&rsquo;obligations directement applicables \u00e0 RIMSA METAL TECHNOLOGY, S.L.<\/p>\n<h3><strong>2.6. QUELS SONT VOS DROITS LORSQUE VOUS NOUS FOURNISSEZ VOS DONN\u00c9ES PERSONNELLES ? <\/strong><\/h3>\n<p>L&rsquo;utilisateur a le droit d&rsquo;obtenir la confirmation que RIMSA METAL TECHNOLOGY, S.L. traite ou non des donn\u00e9es personnelles le concernant, ainsi que d&rsquo;acc\u00e9der \u00e0 ses donn\u00e9es personnelles, de demander la rectification des donn\u00e9es inexactes ou, le cas \u00e9ch\u00e9ant, de demander leur suppression lorsque, entre autres raisons, les donn\u00e9es ne sont plus n\u00e9cessaires aux fins pour lesquelles elles ont \u00e9t\u00e9 collect\u00e9es.<\/p>\n<p>Dans certaines circonstances, l&rsquo;utilisateur peut demander la limitation du traitement de ses donn\u00e9es, auquel cas elles ne seront conserv\u00e9es que pour l&rsquo;exercice ou la d\u00e9fense de droits.<\/p>\n<p>Dans certaines circonstances et pour des raisons li\u00e9es \u00e0 sa situation particuli\u00e8re, l&rsquo;utilisateur peut s&rsquo;opposer au traitement de ses donn\u00e9es. RIMSA METAL TECHNOLOGY, S.L. cessera de traiter les donn\u00e9es, sauf pour des raisons l\u00e9gitimes imp\u00e9rieuses, ou pour l&rsquo;exercice ou la d\u00e9fense d&rsquo;\u00e9ventuelles r\u00e9clamations. <\/p>\n<p>L&rsquo;utilisateur peut poser toutes les questions qu&rsquo;il consid\u00e8re en rapport avec la pr\u00e9sente politique et exercer ses droits dans les conditions pr\u00e9vues par la loi en envoyant une lettre par courrier \u00e0 : RIMSA METAL TECHNOLOGY, S.L, C\/ Armenteres s\/n Pol. Ind. Matacas, Nave,21, 08980, Sant Feliu de Llobregat (Barcelone), ou par courrier \u00e9lectronique \u00e0 l&rsquo;adresse suivante : hello@rimsa.com en indiquant la demande correspondante et en joignant une copie de la carte d&rsquo;identit\u00e9 ou du document accr\u00e9ditant l&rsquo;identit\u00e9.  <\/p>\n\t\t\t\t\t\t\t\t<\/div>\n\t\t\t\t<\/div>\n\t\t\t\t\t<\/div>\n\t\t\t\t<\/div>\n\t\t\t\t<\/div>\n\t\t","protected":false},"excerpt":{"rendered":"<p>INFORMATIONS DE BASE SUR LA PROTECTION DES DONN\u00c9ES Responsable RIMSA METAL TECHNOLOGY, S.L Objectif Le traitement des diff\u00e9rents types de demandes de l&rsquo;utilisateur L\u00e9gitimation Consentement de la personne concern\u00e9e. Destinataires Autres soci\u00e9t\u00e9s du groupe. Sous-traitants \u00e0 l&rsquo;int\u00e9rieur ou \u00e0 l&rsquo;ext\u00e9rieur de l&rsquo;UE, dans le cadre du PrivacyShield.\u201d Droits de l&rsquo;homme Acc\u00e8s, rectification, suppression, portabilit\u00e9, limitation [&hellip;]<\/p>\n","protected":false},"author":1,"featured_media":0,"parent":0,"menu_order":0,"comment_status":"closed","ping_status":"closed","template":"","meta":{"footnotes":""},"class_list":["post-70247","page","type-page","status-publish","hentry"],"yoast_head":"<!-- This site is optimized with the Yoast SEO plugin v26.6 - https:\/\/yoast.com\/wordpress\/plugins\/seo\/ -->\n<title>Politique de confidentialit\u00e9 - Rimsa<\/title>\n<meta name=\"robots\" content=\"index, follow, max-snippet:-1, max-image-preview:large, max-video-preview:-1\" \/>\n<link rel=\"canonical\" href=\"https:\/\/rimsa.com\/fr\/politique-de-confidentialite\" \/>\n<meta property=\"og:locale\" content=\"fr_FR\" \/>\n<meta property=\"og:type\" content=\"article\" \/>\n<meta property=\"og:title\" content=\"Politique de confidentialit\u00e9 - Rimsa\" \/>\n<meta property=\"og:description\" content=\"INFORMATIONS DE BASE SUR LA PROTECTION DES DONN\u00c9ES Responsable RIMSA METAL TECHNOLOGY, S.L Objectif Le traitement des diff\u00e9rents types de demandes de l&rsquo;utilisateur L\u00e9gitimation Consentement de la personne concern\u00e9e. Destinataires Autres soci\u00e9t\u00e9s du groupe. Sous-traitants \u00e0 l&rsquo;int\u00e9rieur ou \u00e0 l&rsquo;ext\u00e9rieur de l&rsquo;UE, dans le cadre du PrivacyShield.\u201d Droits de l&rsquo;homme Acc\u00e8s, rectification, suppression, portabilit\u00e9, limitation [&hellip;]\" \/>\n<meta property=\"og:url\" content=\"https:\/\/rimsa.com\/fr\/politique-de-confidentialite\" \/>\n<meta property=\"og:site_name\" content=\"Rimsa\" \/>\n<meta property=\"article:modified_time\" content=\"2024-06-14T17:50:53+00:00\" \/>\n<meta name=\"twitter:card\" content=\"summary_large_image\" \/>\n<meta name=\"twitter:label1\" content=\"Dur\u00e9e de lecture estim\u00e9e\" \/>\n\t<meta name=\"twitter:data1\" content=\"6 minutes\" \/>\n<script type=\"application\/ld+json\" class=\"yoast-schema-graph\">{\"@context\":\"https:\/\/schema.org\",\"@graph\":[{\"@type\":\"WebPage\",\"@id\":\"https:\/\/rimsa.com\/fr\/politique-de-confidentialite\",\"url\":\"https:\/\/rimsa.com\/fr\/politique-de-confidentialite\",\"name\":\"Politique de confidentialit\u00e9 - Rimsa\",\"isPartOf\":{\"@id\":\"https:\/\/rimsa.com\/#website\"},\"datePublished\":\"2024-02-12T11:08:35+00:00\",\"dateModified\":\"2024-06-14T17:50:53+00:00\",\"breadcrumb\":{\"@id\":\"https:\/\/rimsa.com\/fr\/politique-de-confidentialite#breadcrumb\"},\"inLanguage\":\"fr-FR\",\"potentialAction\":[{\"@type\":\"ReadAction\",\"target\":[\"https:\/\/rimsa.com\/fr\/politique-de-confidentialite\"]}]},{\"@type\":\"BreadcrumbList\",\"@id\":\"https:\/\/rimsa.com\/fr\/politique-de-confidentialite#breadcrumb\",\"itemListElement\":[{\"@type\":\"ListItem\",\"position\":1,\"name\":\"Home\",\"item\":\"https:\/\/rimsa.com\/\"},{\"@type\":\"ListItem\",\"position\":2,\"name\":\"Politique de confidentialit\u00e9\"}]},{\"@type\":\"WebSite\",\"@id\":\"https:\/\/rimsa.com\/#website\",\"url\":\"https:\/\/rimsa.com\/\",\"name\":\"Rimsa\",\"description\":\"\",\"publisher\":{\"@id\":\"https:\/\/rimsa.com\/#organization\"},\"potentialAction\":[{\"@type\":\"SearchAction\",\"target\":{\"@type\":\"EntryPoint\",\"urlTemplate\":\"https:\/\/rimsa.com\/?s={search_term_string}\"},\"query-input\":{\"@type\":\"PropertyValueSpecification\",\"valueRequired\":true,\"valueName\":\"search_term_string\"}}],\"inLanguage\":\"fr-FR\"},{\"@type\":\"Organization\",\"@id\":\"https:\/\/rimsa.com\/#organization\",\"name\":\"Rimsa\",\"url\":\"https:\/\/rimsa.com\/\",\"logo\":{\"@type\":\"ImageObject\",\"inLanguage\":\"fr-FR\",\"@id\":\"https:\/\/rimsa.com\/#\/schema\/logo\/image\/\",\"url\":\"https:\/\/rimsa.com\/wp-content\/uploads\/2023\/11\/logo.svg\",\"contentUrl\":\"https:\/\/rimsa.com\/wp-content\/uploads\/2023\/11\/logo.svg\",\"width\":161,\"height\":65,\"caption\":\"Rimsa\"},\"image\":{\"@id\":\"https:\/\/rimsa.com\/#\/schema\/logo\/image\/\"}}]}<\/script>\n<!-- \/ Yoast SEO plugin. -->","yoast_head_json":{"title":"Politique de confidentialit\u00e9 - Rimsa","robots":{"index":"index","follow":"follow","max-snippet":"max-snippet:-1","max-image-preview":"max-image-preview:large","max-video-preview":"max-video-preview:-1"},"canonical":"https:\/\/rimsa.com\/fr\/politique-de-confidentialite","og_locale":"fr_FR","og_type":"article","og_title":"Politique de confidentialit\u00e9 - Rimsa","og_description":"INFORMATIONS DE BASE SUR LA PROTECTION DES DONN\u00c9ES Responsable RIMSA METAL TECHNOLOGY, S.L Objectif Le traitement des diff\u00e9rents types de demandes de l&rsquo;utilisateur L\u00e9gitimation Consentement de la personne concern\u00e9e. Destinataires Autres soci\u00e9t\u00e9s du groupe. Sous-traitants \u00e0 l&rsquo;int\u00e9rieur ou \u00e0 l&rsquo;ext\u00e9rieur de l&rsquo;UE, dans le cadre du PrivacyShield.\u201d Droits de l&rsquo;homme Acc\u00e8s, rectification, suppression, portabilit\u00e9, limitation [&hellip;]","og_url":"https:\/\/rimsa.com\/fr\/politique-de-confidentialite","og_site_name":"Rimsa","article_modified_time":"2024-06-14T17:50:53+00:00","twitter_card":"summary_large_image","twitter_misc":{"Dur\u00e9e de lecture estim\u00e9e":"6 minutes"},"schema":{"@context":"https:\/\/schema.org","@graph":[{"@type":"WebPage","@id":"https:\/\/rimsa.com\/fr\/politique-de-confidentialite","url":"https:\/\/rimsa.com\/fr\/politique-de-confidentialite","name":"Politique de confidentialit\u00e9 - Rimsa","isPartOf":{"@id":"https:\/\/rimsa.com\/#website"},"datePublished":"2024-02-12T11:08:35+00:00","dateModified":"2024-06-14T17:50:53+00:00","breadcrumb":{"@id":"https:\/\/rimsa.com\/fr\/politique-de-confidentialite#breadcrumb"},"inLanguage":"fr-FR","potentialAction":[{"@type":"ReadAction","target":["https:\/\/rimsa.com\/fr\/politique-de-confidentialite"]}]},{"@type":"BreadcrumbList","@id":"https:\/\/rimsa.com\/fr\/politique-de-confidentialite#breadcrumb","itemListElement":[{"@type":"ListItem","position":1,"name":"Home","item":"https:\/\/rimsa.com\/"},{"@type":"ListItem","position":2,"name":"Politique de confidentialit\u00e9"}]},{"@type":"WebSite","@id":"https:\/\/rimsa.com\/#website","url":"https:\/\/rimsa.com\/","name":"Rimsa","description":"","publisher":{"@id":"https:\/\/rimsa.com\/#organization"},"potentialAction":[{"@type":"SearchAction","target":{"@type":"EntryPoint","urlTemplate":"https:\/\/rimsa.com\/?s={search_term_string}"},"query-input":{"@type":"PropertyValueSpecification","valueRequired":true,"valueName":"search_term_string"}}],"inLanguage":"fr-FR"},{"@type":"Organization","@id":"https:\/\/rimsa.com\/#organization","name":"Rimsa","url":"https:\/\/rimsa.com\/","logo":{"@type":"ImageObject","inLanguage":"fr-FR","@id":"https:\/\/rimsa.com\/#\/schema\/logo\/image\/","url":"https:\/\/rimsa.com\/wp-content\/uploads\/2023\/11\/logo.svg","contentUrl":"https:\/\/rimsa.com\/wp-content\/uploads\/2023\/11\/logo.svg","width":161,"height":65,"caption":"Rimsa"},"image":{"@id":"https:\/\/rimsa.com\/#\/schema\/logo\/image\/"}}]}},"_links":{"self":[{"href":"https:\/\/rimsa.com\/fr\/wp-json\/wp\/v2\/pages\/70247","targetHints":{"allow":["GET"]}}],"collection":[{"href":"https:\/\/rimsa.com\/fr\/wp-json\/wp\/v2\/pages"}],"about":[{"href":"https:\/\/rimsa.com\/fr\/wp-json\/wp\/v2\/types\/page"}],"author":[{"embeddable":true,"href":"https:\/\/rimsa.com\/fr\/wp-json\/wp\/v2\/users\/1"}],"replies":[{"embeddable":true,"href":"https:\/\/rimsa.com\/fr\/wp-json\/wp\/v2\/comments?post=70247"}],"version-history":[{"count":4,"href":"https:\/\/rimsa.com\/fr\/wp-json\/wp\/v2\/pages\/70247\/revisions"}],"predecessor-version":[{"id":74691,"href":"https:\/\/rimsa.com\/fr\/wp-json\/wp\/v2\/pages\/70247\/revisions\/74691"}],"wp:attachment":[{"href":"https:\/\/rimsa.com\/fr\/wp-json\/wp\/v2\/media?parent=70247"}],"curies":[{"name":"wp","href":"https:\/\/api.w.org\/{rel}","templated":true}]}}